{"id":94,"date":"2024-10-04T05:12:42","date_gmt":"2024-10-04T05:12:42","guid":{"rendered":"https:\/\/felujitasepites.komuvesember.hu\/wordpress\/?page_id=94"},"modified":"2024-12-14T11:00:56","modified_gmt":"2024-12-14T11:00:56","slug":"zsakos-sitt-szallitas-arak","status":"publish","type":"page","link":"https:\/\/komuvesember.hu\/index.php\/zsakos-sitt-szallitas-arak\/","title":{"rendered":"Zs\u00e1kos sitt sz\u00e1ll\u00edt\u00e1s \u00e1rak"},"content":{"rendered":"<h2 style=\"text-align: center;\">K\u00f6sz\u00f6nt\u00f6m!<\/h2>\n<h3 style=\"text-align: center;\">M\u00e9lyen el\u00edt\u00e9lem azokat a kont\u00e9neres vagy zs\u00e1kos sitt fuvaroz\u00f3kat, akik illeg\u00e1lis szem\u00e9tlerak\u00f3kba, parkok, erd\u0151k sz\u00e9l\u00e9re vagy kihalt ter\u00fcletekre sz\u00e1ll\u00edtj\u00e1k a hullad\u00e9kot. Ezekt\u0151l a v\u00e1llalkoz\u00f3kt\u00f3l \u00e9s az ilyen jelleg\u0171 k\u00f6rnyezetk\u00e1ros\u00edt\u00e1st\u00f3l maxim\u00e1lisan<strong><br \/>\nELHAT\u00c1ROL\u00d3DOK!<\/strong><\/h3>\n<p><img decoding=\"async\" class=\"aligncenter\" src=\"https:\/\/encrypted-tbn0.gstatic.com\/images?q=tbn:ANd9GcRMkMlu4-Km3bcnru2BAeR4YowmfS8r8Kiylw&amp;s\" alt=\"Sittsz\u00e1ll\u00edt\u00e1s, Zs\u00e1kos Sittsz\u00e1ll\u00edt\u00e1s, Lomtalan\u00edt\u00e1s |\"><\/p>\n<h3 style=\"text-align: center;\">Tov\u00e1bb\u00e1 fel se mer\u00fclj\u00f6n&nbsp; senkiben se, hogy ilyet tegyek! Az \u00e1r\u00e1t megk\u00e9rem pontosan az\u00e9rt mert leg\u00e1lis helyre viszem. Vesz\u00e9lyes hullad\u00e9kot nem sz\u00e1ll\u00edtok el.<\/h3>\n<h3 style=\"text-align: center;\">Vel\u00fcnk id\u0151t \u00e9s p\u00e9nzt takar\u00edthat meg.<\/h3>\n<h3 style=\"text-align: center;\">Gyors \u00e9s tiszta munka!<\/h3>\n<h3 style=\"text-align: center;\">Megb\u00edzhat\u00f3s\u00e1g \u00e9s tisztess\u00e9ges piaci \u00e1rak.<\/h3>\n<h3 style=\"text-align: center;\">Mi elv\u00e9gezz\u00fck a neh\u00e9z piszkos munk\u00e1t is.<\/h3>\n<h3 style=\"text-align: center;\">Partners\u00e9g \u00e9s k\u00f6lcs\u00f6n\u00f6s meg el\u00e9gedetts\u00e9g.<\/h3>\n<h3 style=\"text-align: center;\">Bont\u00e1si munk\u00e1k ak\u00e1r sitt sz\u00e1ll\u00edt\u00e1ssal.<\/h3>\n<h3 style=\"text-align: center;\">Tervezhet\u0151s\u00e9g \u00e9s kisz\u00e1m\u00edthat\u00f3s\u00e1g.<\/h3>\n<p><img loading=\"lazy\" decoding=\"async\" class=\"aligncenter\" src=\"https:\/\/cashflowmagnes.hu\/wp-content\/uploads\/2017\/05\/krDktkqTURBXy9lZTAzYzVhNjllOWJmMGNlMGFhYjlhMWE2NWZkYzAxMy5qcGVnkpUDAADNAxTNAbuTBc0DFM0BvA.jpg\" width=\"380\" height=\"214\"><\/p>\n<h2 style=\"text-align: center;\">N\u00e9v: Nov\u00e1k G\u00e1bor<\/h2>\n<h2 style=\"text-align: center;\">Telefon: +36 20 594 0260<\/h2>\n<h2 style=\"text-align: center;\">e-mail:&nbsp;<a href=\"mailto:teherszallitoember@gmail.com\">teherszallitoember@gmail.com<\/a><\/h2>\n<h1 style=\"text-align: center;\">Nett\u00f3 \u00e1rak:<\/h1>\n<h3><\/h3>\n<h2 style=\"text-align: center;\"><strong>Zs\u00e1kolt sitt sz\u00e1ll\u00edt\u00e1s \u00e1rak nett\u00f3: 650 Ft\/zs\u00e1kt\u00f3l F\u00e9lig pakolva max 35 kg.<\/strong><\/h2>\n<h2 style=\"text-align: center;\"><strong>Zs\u00e1kolt sitt sz\u00e1ll\u00edt\u00e1s \u00e1rak vegyes nett\u00f3: 850 Ft\/zs\u00e1kt\u00f3l F\u00e9lig pakolva max 35 kg.<\/strong><\/h2>\n<h2 style=\"text-align: center;\"><strong>Emeleti rakod\u00e1s bont\u00e1si vagy \u00e9p\u00edt\u00e9si t\u00f6rmel\u00e9k:<\/strong><\/h2>\n<h2 style=\"text-align: center;\"><strong>Els\u0151 emelet nett\u00f3: 1000 Ft\/zs\u00e1kt\u00f3l.<\/strong><\/h2>\n<h2 style=\"text-align: center;\"><strong>M\u00e1sodik emelet nett\u00f3: 1200 Ft\/zs\u00e1kt\u00f3l.<\/strong><\/h2>\n<h2 style=\"text-align: center;\"><strong>Harmadik emelet nett\u00f3: 1400 Ft\/zs\u00e1kt\u00f3l<\/strong><\/h2>\n<h2 style=\"text-align: center;\"><strong>Negyedik emelet nett\u00f3: 1600&nbsp; Ft\/zs\u00e1kt\u00f3l<\/strong><\/h2>\n<h2 style=\"text-align: center;\"><strong>Vesz\u00e9lyes hullad\u00e9kot nem sz\u00e1ll\u00edtok el!<\/strong><\/h2>\n<h2 style=\"text-align: center;\"><strong>Az \u00e1rakr\u00f3l \u00e9s a felt\u00e9telekr\u0151l \u00e9rdekl\u0151dhet b\u0151vebben itt:<\/strong><\/h2>\n<h2 style=\"text-align: center;\"><strong><a href=\"http:\/\/www.teherszallitoember.hu\/\">http:\/\/www.teherszallitoember.hu<\/a><\/strong><\/h2>\n<h2 style=\"text-align: center;\"><strong>Vagy.:<\/strong><\/h2>\n<h2 style=\"text-align: center;\"><strong><a href=\"http:\/\/www.zsakossittszallitas.hu\/\">http:\/\/www.zsakossittszallitas.hu<\/a><\/strong><\/h2>\n<h2 style=\"text-align: center;\">Szolg\u00e1ltat\u00e1si ter\u00fclet:<\/h2>\n<h2><\/h2>\n<h2 style=\"text-align: center;\"><strong>Budapest:<\/strong><\/h2>\n<h3 style=\"text-align: center;\">&nbsp;Bont\u00e1s \u00e9s zs\u00e1kos sitt sz\u00e1ll\u00edt\u00e1s:&nbsp;<strong>I. ker\u00fclet :<\/strong>&nbsp;Gell\u00e9rthegy, Krisztinav\u00e1ros, Tab\u00e1n, V\u00e1r, V\u00edziv\u00e1ros<\/h3>\n<h3 style=\"text-align: center;\">Bont\u00e1s \u00e9s zs\u00e1kos sitt sz\u00e1ll\u00edt\u00e1s:<strong>&nbsp;II.ker\u00fclet:<\/strong>&nbsp;Adyliget, Budakeszi, Budaliget, Csat\u00e1rka, Felh\u00e9v\u00edz, H\u00e1rshegy, H\u0171v\u00f6sv\u00f6lgy, K\u0151v\u00e1r, Kurucles, Lip\u00f3tmez\u0151, M\u00e1riaremete, P\u00e1lv\u00f6lgy, Pasar\u00e9t, Pesthidegk\u00fat, Remetekertv\u00e1ros, R\u00e9zm\u00e1l, R\u00f3zsadomb, Szeml\u0151hegy, Sz\u00e9phalom, Sz\u00e9pilona, Sz\u00e9p-v\u00f6lgy, T\u00f6r\u00f6kv\u00e9sz, V\u00e9rhalom, Z\u00f6ldm\u00e1l<\/h3>\n<h3 style=\"text-align: center;\">Bont\u00e1s \u00e9s zs\u00e1kos sitt sz\u00e1ll\u00edt\u00e1s:&nbsp;<strong>III. ker\u00fclet&nbsp;<\/strong><strong>:&nbsp;<\/strong>Aquincum, Aranyhegy, B\u00e9k\u00e1smegyer, Csillaghegy, Cs\u00facshegy, Filatorig\u00e1t, H\u00e1rmashat\u00e1rhegy, \u00d3buda, Remetehegy, R\u00f3mai f\u00fcrd\u0151, Solym\u00e1rv\u00f6lgy, T\u00e1borhegy, Testv\u00e9rhegy, T\u00f6r\u00f6kk\u0151, \u00dajlak, \u00dcr\u00f6mhegy<\/h3>\n<h3 style=\"text-align: center;\">Bont\u00e1s \u00e9s zs\u00e1kos sitt sz\u00e1ll\u00edt\u00e1s:&nbsp;<strong>IV. ker\u00fclet:<\/strong>&nbsp;Istv\u00e1ntelek, K\u00e1poszt\u00e1smegyer, Megyer, Sz\u00e9kes d\u0171l\u0151, \u00dajpest<\/h3>\n<h3 style=\"text-align: center;\">Bont\u00e1s \u00e9s zs\u00e1kos sitt sz\u00e1ll\u00edt\u00e1s:&nbsp;<strong>V. ker\u00fclet:<\/strong>&nbsp;Belv\u00e1ros, Lip\u00f3tv\u00e1ros<\/h3>\n<h3 style=\"text-align: center;\">Bont\u00e1s \u00e9s zs\u00e1kos sitt sz\u00e1ll\u00edt\u00e1s:&nbsp;<strong>VI.<\/strong>&nbsp;<strong>ker\u00fclet:<\/strong>&nbsp;Ter\u00e9zv\u00e1ros<\/h3>\n<h3 style=\"text-align: center;\">Bont\u00e1s \u00e9s zs\u00e1kos sitt sz\u00e1ll\u00edt\u00e1s:<strong>&nbsp;VII. ker\u00fclet:<\/strong>&nbsp;Erzs\u00e9betv\u00e1ros<\/h3>\n<h3 style=\"text-align: center;\">Bont\u00e1s \u00e9s zs\u00e1kos sitt sz\u00e1ll\u00edt\u00e1s:<strong>&nbsp;VIII. ker\u00fclet:<\/strong>&nbsp;J\u00f3zsefv\u00e1ros<\/h3>\n<h3 style=\"text-align: center;\">Bont\u00e1s \u00e9s zs\u00e1kos sitt sz\u00e1ll\u00edt\u00e1s:<strong>&nbsp;IX. ker\u00fclet:&nbsp;<\/strong>Ferencv\u00e1ros<\/h3>\n<h3 style=\"text-align: center;\">Bont\u00e1s \u00e9s zs\u00e1kos sitt sz\u00e1ll\u00edt\u00e1s:&nbsp;<strong>X. ker\u00fclet:&nbsp;<\/strong>Fels\u0151r\u00e1kos, Gy\u00e1rd\u0171l\u0151, Kereszt\u00farid\u0171l\u0151, K\u0151b\u00e1nya-Kertv\u00e1ros, K\u00fatt\u00f3, Laposd\u0171l\u0151, Ligettelek, N\u00e9pliget, \u00d3hegy, T\u00e9glagy\u00e1rd\u0171l\u0151, \u00dajhegy<\/h3>\n<h3 style=\"text-align: center;\">Bont\u00e1s \u00e9s zs\u00e1kos sitt sz\u00e1ll\u00edt\u00e1s:&nbsp;<strong>XI. ker\u00fclet:&nbsp;<\/strong>Albertfalva, Dobog\u00f3, Gazdagr\u00e9t, Gell\u00e9rthegy , Hossz\u00far\u00e9t, Kamaraerd\u0151, Kelenf\u00f6ld, Kelenv\u00f6lgy, K\u0151\u00e9rberek, L\u00e1gym\u00e1nyos, Mad\u00e1rhegy, \u0150rmez\u0151, P\u00e9terhegy, Sasad, Sashegy, Tab\u00e1n<\/h3>\n<h3><\/h3>\n<h3 style=\"text-align: center;\">Bont\u00e1s \u00e9s zs\u00e1kos sitt sz\u00e1ll\u00edt\u00e1s:&nbsp;<strong>XII. ker\u00fclet:<\/strong>&nbsp;Budakeszierd\u0151, Csilleb\u00e9rc, Farkasr\u00e9t, Farkasv\u00f6lgy, Istenhegy, J\u00e1noshegy, Kissv\u00e1bhegy, Krisztinav\u00e1ros, K\u00fatv\u00f6lgy, Magas\u00fat, M\u00e1rtonhegy, N\u00e9metv\u00f6lgy, Orb\u00e1nhegy, Sashegy, &nbsp;Sv\u00e1bhegy, Sz\u00e9chenyihegy, &nbsp;Vir\u00e1nyos, &nbsp;Zugliget<\/h3>\n<h3 style=\"text-align: center;\">Bont\u00e1s \u00e9s zs\u00e1kos sitt sz\u00e1ll\u00edt\u00e1s:&nbsp;<strong>XIII. ker\u00fclet:&nbsp;<\/strong>Angyalf\u00f6ld, Margitsziget, N\u00e9psziget, \u00dajlip\u00f3tv\u00e1ros, Vizafog\u00f3<\/h3>\n<h3 style=\"text-align: center;\">Bont\u00e1s \u00e9s zs\u00e1kos sitt sz\u00e1ll\u00edt\u00e1s:&nbsp;<strong>XIV. ker\u00fclet:<\/strong>&nbsp;Als\u00f3r\u00e1kos, Herminamez\u0151, Istv\u00e1nmez\u0151, Kiszugl\u00f3, Nagyzugl\u00f3, R\u00e1kosfalva, T\u00f6r\u00f6k\u0151r, V\u00e1rosliget<\/h3>\n<h3 style=\"text-align: center;\">Bont\u00e1s \u00e9s zs\u00e1kos sitt sz\u00e1ll\u00edt\u00e1s:&nbsp;XV<strong>. ker\u00fclet:&nbsp;<\/strong>R\u00e1kospalota, Pest\u00fajhely, \u00dajpalota<\/h3>\n<h3 style=\"text-align: center;\">Bont\u00e1s \u00e9s zs\u00e1kos sitt sz\u00e1ll\u00edt\u00e1s:&nbsp;<strong>XVI. ker\u00fclet:<\/strong>&nbsp;\u00c1rp\u00e1df\u00f6ld, Cinkota, M\u00e1ty\u00e1sf\u00f6ld, R\u00e1kosszentmih\u00e1ly, Sashalom<\/h3>\n<h3 style=\"text-align: center;\">Bont\u00e1s \u00e9s zs\u00e1kos sitt sz\u00e1ll\u00edt\u00e1s:&nbsp;<strong>XVII. ker\u00fclet:<\/strong>&nbsp;Akad\u00e9mia\u00fajtelep, Mad\u00e1rdomb, R\u00e1koscsaba, R\u00e1koscsaba-\u00dajtelep, R\u00e1koshegy, R\u00e1koskereszt\u00far, R\u00e1koskert, R\u00e1kosliget, R\u00e9giakad\u00e9miatelep<\/h3>\n<h3 style=\"text-align: center;\">Bont\u00e1s \u00e9s zs\u00e1kos sitt sz\u00e1ll\u00edt\u00e1s:<strong>&nbsp;XVIII. ker\u00fclet:&nbsp;<\/strong>Alm\u00e1skert, B\u00e9latelep, Bels\u0151major, B\u00f3kaytelep, Erd\u0151skert, Erzs\u00e9bettelep, Ferihegy, Ganzkertv\u00e1ros, Ganztelep, Gloriett telep, Halmierd\u0151, Havanna-lak\u00f3telep, Kossuth Ferenc-telep, Krepuska G\u00e9za-telep, Lakatos-lak\u00f3telep, Lipt\u00e1ktelep, L\u00f3nyaytelep, Mikl\u00f3stelep, Pestszentimre, Rendessytelep, Szemeretelep, Szent Imre-kertv\u00e1ros, Szent L\u0151rinc-telep, \u00dajp\u00e9teritelep<\/h3>\n<h3 style=\"text-align: center;\">Bont\u00e1s \u00e9s zs\u00e1kos sitt sz\u00e1ll\u00edt\u00e1s:&nbsp;XIX<strong>. ker\u00fclet:&nbsp;<\/strong>Kispest, Wekerletelep<\/h3>\n<h3 style=\"text-align: center;\">Bont\u00e1s \u00e9s zs\u00e1kos sitt sz\u00e1ll\u00edt\u00e1s:&nbsp;<strong>XX. ker\u00fclet:<\/strong>&nbsp;Erzs\u00e9betfalva, Gubacs, Gubacsipuszta, Kossuthfalva, Pacsirtatelep, Szab\u00f3telep<\/h3>\n<h3 style=\"text-align: center;\">Bont\u00e1s \u00e9s zs\u00e1kos sitt sz\u00e1ll\u00edt\u00e1s:<strong>&nbsp;XXI. ker\u00fclet:<\/strong>&nbsp;Csepel-Belv\u00e1ros, Csepel-Csillagtelep, Csepel-Erd\u0151alja, Csepel-Erd\u0151sor, Csepel-Gy\u00e1rtelep, Csepel-H\u00e1ros, Csepel-Kertv\u00e1ros, Csepel-Kir\u00e1lyerd\u0151, Csepel-Kir\u00e1lymajor, Csepel-\u00d3falu, Csepel-R\u00f3zsadomb, Csepel-Szab\u00f3telep, Csepel-Szigetcs\u00facs<\/h3>\n<h3 style=\"text-align: center;\">Bont\u00e1s \u00e9s zs\u00e1kos sitt sz\u00e1ll\u00edt\u00e1s:<strong>&nbsp;XXII. ker\u00fclet:&nbsp;<\/strong>Baross G\u00e1bor-telep, Budafok, Budat\u00e9t\u00e9ny, Nagyt\u00e9t\u00e9ny<\/h3>\n<h3 style=\"text-align: center;\">Bont\u00e1s \u00e9s zs\u00e1kos sitt sz\u00e1ll\u00edt\u00e1s:&nbsp;<strong>XXIII. ker\u00fclet:&nbsp;<\/strong>Millenniumtelep, Soroks\u00e1r, Soroks\u00e1r-\u00dajtelep<\/h3>\n<h2 style=\"text-align: center;\">Tisztelettel: Nov\u00e1k G\u00e1bor<\/h2>\n<h2 style=\"text-align: center;\">Telefon: +36 20 594 0260<\/h2>\n<h2 style=\"text-align: center;\">e-mail: <a href=\"mailto:teherszallitoember@gmail.com\">teherszallitoember@gmail.com<\/a><\/h2>\n","protected":false},"excerpt":{"rendered":"<p>K\u00f6sz\u00f6nt\u00f6m! M\u00e9lyen el\u00edt\u00e9lem azokat a kont\u00e9neres vagy zs\u00e1kos sitt fuvaroz\u00f3kat, akik illeg\u00e1lis szem\u00e9tlerak\u00f3kba, parkok, erd\u0151k sz\u00e9l\u00e9re vagy kihalt ter\u00fcletekre sz\u00e1ll\u00edtj\u00e1k a hullad\u00e9kot. Ezekt\u0151l a v\u00e1llalkoz\u00f3kt\u00f3l \u00e9s az ilyen jelleg\u0171 k\u00f6rnyezetk\u00e1ros\u00edt\u00e1st\u00f3l maxim\u00e1lisan ELHAT\u00c1ROL\u00d3DOK! Tov\u00e1bb\u00e1 fel se mer\u00fclj\u00f6n&nbsp; senkiben se, hogy ilyet tegyek! Az \u00e1r\u00e1t megk\u00e9rem pontosan az\u00e9rt mert leg\u00e1lis helyre viszem. Vesz\u00e9lyes hullad\u00e9kot nem sz\u00e1ll\u00edtok el. &#8230; <span class=\"more\"><a class=\"more-link\" href=\"https:\/\/komuvesember.hu\/index.php\/zsakos-sitt-szallitas-arak\/\">[Read more&#8230;]<\/a><\/span><\/p>\n","protected":false},"author":1,"featured_media":0,"parent":0,"menu_order":9,"comment_status":"closed","ping_status":"closed","template":"page-full-width.php","meta":{"footnotes":""},"class_list":["entry","page","publish","author-komuves-burkolofreemail-hu","post-94"],"yoast_head":"<!-- This site is optimized with the Yoast SEO plugin v27.3 - https:\/\/yoast.com\/product\/yoast-seo-wordpress\/ -->\n<title>Zs\u00e1kos \u00e9p\u00edt\u00e9si \u00e9s bont\u00e1si t\u00f6rmel\u00e9k el sz\u00e1ll\u00edt\u00e1sa rakod\u00e1ssal.<\/title>\n<meta name=\"description\" content=\"Zs\u00e1kos \u00e9p\u00edt\u00e9si \u00e9s bont\u00e1si t\u00f6rmel\u00e9k el sz\u00e1ll\u00edt\u00e1sa rakod\u00e1ssal ak\u00e1r emeletr\u0151l val\u00f3 lehord\u00e1ssal is! Zs\u00e1kos sittsz\u00e1ll\u00edt\u00e1s Budapesten \u00e9s k\u00f6rny\u00e9k\u00e9n!\" \/>\n<meta name=\"robots\" content=\"noindex, follow, max-snippet:-1, max-image-preview:large, max-video-preview:-1\" \/>\n<meta property=\"og:locale\" content=\"hu_HU\" \/>\n<meta property=\"og:type\" content=\"article\" \/>\n<meta property=\"og:title\" content=\"Zs\u00e1kos \u00e9p\u00edt\u00e9si \u00e9s bont\u00e1si t\u00f6rmel\u00e9k el sz\u00e1ll\u00edt\u00e1sa rakod\u00e1ssal.\" \/>\n<meta property=\"og:description\" content=\"Zs\u00e1kos \u00e9p\u00edt\u00e9si \u00e9s bont\u00e1si t\u00f6rmel\u00e9k el sz\u00e1ll\u00edt\u00e1sa rakod\u00e1ssal ak\u00e1r emeletr\u0151l val\u00f3 lehord\u00e1ssal is! Zs\u00e1kos sittsz\u00e1ll\u00edt\u00e1s Budapesten \u00e9s k\u00f6rny\u00e9k\u00e9n!\" \/>\n<meta property=\"og:url\" content=\"https:\/\/komuvesember.hu\/index.php\/zsakos-sitt-szallitas-arak\/\" \/>\n<meta property=\"og:site_name\" content=\"Ez a k\u0151m\u0171vesember csak megb\u00edzhat\u00f3an dolgozik!\" \/>\n<meta property=\"article:modified_time\" content=\"2024-12-14T11:00:56+00:00\" \/>\n<meta property=\"og:image\" content=\"https:\/\/encrypted-tbn0.gstatic.com\/images?q=tbn:ANd9GcRMkMlu4-Km3bcnru2BAeR4YowmfS8r8Kiylw&amp;s\" \/>\n<meta name=\"twitter:card\" content=\"summary_large_image\" \/>\n<meta name=\"twitter:label1\" content=\"Becs\u00fclt olvas\u00e1si id\u0151\" \/>\n\t<meta name=\"twitter:data1\" content=\"4 perc\" \/>\n<script type=\"application\/ld+json\" class=\"yoast-schema-graph\">{\"@context\":\"https:\\\/\\\/schema.org\",\"@graph\":[{\"@type\":\"WebPage\",\"@id\":\"https:\\\/\\\/komuvesember.hu\\\/index.php\\\/zsakos-sitt-szallitas-arak\\\/\",\"url\":\"https:\\\/\\\/komuvesember.hu\\\/index.php\\\/zsakos-sitt-szallitas-arak\\\/\",\"name\":\"Zs\u00e1kos \u00e9p\u00edt\u00e9si \u00e9s bont\u00e1si t\u00f6rmel\u00e9k el sz\u00e1ll\u00edt\u00e1sa rakod\u00e1ssal.\",\"isPartOf\":{\"@id\":\"https:\\\/\\\/komuvesember.hu\\\/#website\"},\"primaryImageOfPage\":{\"@id\":\"https:\\\/\\\/komuvesember.hu\\\/index.php\\\/zsakos-sitt-szallitas-arak\\\/#primaryimage\"},\"image\":{\"@id\":\"https:\\\/\\\/komuvesember.hu\\\/index.php\\\/zsakos-sitt-szallitas-arak\\\/#primaryimage\"},\"thumbnailUrl\":\"https:\\\/\\\/encrypted-tbn0.gstatic.com\\\/images?q=tbn:ANd9GcRMkMlu4-Km3bcnru2BAeR4YowmfS8r8Kiylw&amp;s\",\"datePublished\":\"2024-10-04T05:12:42+00:00\",\"dateModified\":\"2024-12-14T11:00:56+00:00\",\"description\":\"Zs\u00e1kos \u00e9p\u00edt\u00e9si \u00e9s bont\u00e1si t\u00f6rmel\u00e9k el sz\u00e1ll\u00edt\u00e1sa rakod\u00e1ssal ak\u00e1r emeletr\u0151l val\u00f3 lehord\u00e1ssal is! Zs\u00e1kos sittsz\u00e1ll\u00edt\u00e1s Budapesten \u00e9s k\u00f6rny\u00e9k\u00e9n!\",\"breadcrumb\":{\"@id\":\"https:\\\/\\\/komuvesember.hu\\\/index.php\\\/zsakos-sitt-szallitas-arak\\\/#breadcrumb\"},\"inLanguage\":\"hu\",\"potentialAction\":[{\"@type\":\"ReadAction\",\"target\":[\"https:\\\/\\\/komuvesember.hu\\\/index.php\\\/zsakos-sitt-szallitas-arak\\\/\"]}]},{\"@type\":\"ImageObject\",\"inLanguage\":\"hu\",\"@id\":\"https:\\\/\\\/komuvesember.hu\\\/index.php\\\/zsakos-sitt-szallitas-arak\\\/#primaryimage\",\"url\":\"https:\\\/\\\/encrypted-tbn0.gstatic.com\\\/images?q=tbn:ANd9GcRMkMlu4-Km3bcnru2BAeR4YowmfS8r8Kiylw&amp;s\",\"contentUrl\":\"https:\\\/\\\/encrypted-tbn0.gstatic.com\\\/images?q=tbn:ANd9GcRMkMlu4-Km3bcnru2BAeR4YowmfS8r8Kiylw&amp;s\"},{\"@type\":\"BreadcrumbList\",\"@id\":\"https:\\\/\\\/komuvesember.hu\\\/index.php\\\/zsakos-sitt-szallitas-arak\\\/#breadcrumb\",\"itemListElement\":[{\"@type\":\"ListItem\",\"position\":1,\"name\":\"Kezd\u0151lap\",\"item\":\"https:\\\/\\\/komuvesember.hu\\\/\"},{\"@type\":\"ListItem\",\"position\":2,\"name\":\"Zs\u00e1kos sitt sz\u00e1ll\u00edt\u00e1s \u00e1rak\"}]},{\"@type\":\"WebSite\",\"@id\":\"https:\\\/\\\/komuvesember.hu\\\/#website\",\"url\":\"https:\\\/\\\/komuvesember.hu\\\/\",\"name\":\"Ez a k\u0151m\u0171vesember csak megb\u00edzhat\u00f3an dolgozik!\",\"description\":\"V\u00e1llalok k\u0151m\u0171ves munk\u00e1latokat a-z ig. Falaz\u00e1s, vakol\u00e1s, betonoz\u00e1s \u00e9s lak\u00e1sfel\u00faj\u00edt\u00e1s!\",\"potentialAction\":[{\"@type\":\"SearchAction\",\"target\":{\"@type\":\"EntryPoint\",\"urlTemplate\":\"https:\\\/\\\/komuvesember.hu\\\/?s={search_term_string}\"},\"query-input\":{\"@type\":\"PropertyValueSpecification\",\"valueRequired\":true,\"valueName\":\"search_term_string\"}}],\"inLanguage\":\"hu\"}]}<\/script>\n<!-- \/ Yoast SEO plugin. -->","yoast_head_json":{"title":"Zs\u00e1kos \u00e9p\u00edt\u00e9si \u00e9s bont\u00e1si t\u00f6rmel\u00e9k el sz\u00e1ll\u00edt\u00e1sa rakod\u00e1ssal.","description":"Zs\u00e1kos \u00e9p\u00edt\u00e9si \u00e9s bont\u00e1si t\u00f6rmel\u00e9k el sz\u00e1ll\u00edt\u00e1sa rakod\u00e1ssal ak\u00e1r emeletr\u0151l val\u00f3 lehord\u00e1ssal is! Zs\u00e1kos sittsz\u00e1ll\u00edt\u00e1s Budapesten \u00e9s k\u00f6rny\u00e9k\u00e9n!","robots":{"index":"noindex","follow":"follow","max-snippet":"max-snippet:-1","max-image-preview":"max-image-preview:large","max-video-preview":"max-video-preview:-1"},"og_locale":"hu_HU","og_type":"article","og_title":"Zs\u00e1kos \u00e9p\u00edt\u00e9si \u00e9s bont\u00e1si t\u00f6rmel\u00e9k el sz\u00e1ll\u00edt\u00e1sa rakod\u00e1ssal.","og_description":"Zs\u00e1kos \u00e9p\u00edt\u00e9si \u00e9s bont\u00e1si t\u00f6rmel\u00e9k el sz\u00e1ll\u00edt\u00e1sa rakod\u00e1ssal ak\u00e1r emeletr\u0151l val\u00f3 lehord\u00e1ssal is! Zs\u00e1kos sittsz\u00e1ll\u00edt\u00e1s Budapesten \u00e9s k\u00f6rny\u00e9k\u00e9n!","og_url":"https:\/\/komuvesember.hu\/index.php\/zsakos-sitt-szallitas-arak\/","og_site_name":"Ez a k\u0151m\u0171vesember csak megb\u00edzhat\u00f3an dolgozik!","article_modified_time":"2024-12-14T11:00:56+00:00","og_image":[{"url":"https:\/\/encrypted-tbn0.gstatic.com\/images?q=tbn:ANd9GcRMkMlu4-Km3bcnru2BAeR4YowmfS8r8Kiylw&amp;s","type":"","width":"","height":""}],"twitter_card":"summary_large_image","twitter_misc":{"Becs\u00fclt olvas\u00e1si id\u0151":"4 perc"},"schema":{"@context":"https:\/\/schema.org","@graph":[{"@type":"WebPage","@id":"https:\/\/komuvesember.hu\/index.php\/zsakos-sitt-szallitas-arak\/","url":"https:\/\/komuvesember.hu\/index.php\/zsakos-sitt-szallitas-arak\/","name":"Zs\u00e1kos \u00e9p\u00edt\u00e9si \u00e9s bont\u00e1si t\u00f6rmel\u00e9k el sz\u00e1ll\u00edt\u00e1sa rakod\u00e1ssal.","isPartOf":{"@id":"https:\/\/komuvesember.hu\/#website"},"primaryImageOfPage":{"@id":"https:\/\/komuvesember.hu\/index.php\/zsakos-sitt-szallitas-arak\/#primaryimage"},"image":{"@id":"https:\/\/komuvesember.hu\/index.php\/zsakos-sitt-szallitas-arak\/#primaryimage"},"thumbnailUrl":"https:\/\/encrypted-tbn0.gstatic.com\/images?q=tbn:ANd9GcRMkMlu4-Km3bcnru2BAeR4YowmfS8r8Kiylw&amp;s","datePublished":"2024-10-04T05:12:42+00:00","dateModified":"2024-12-14T11:00:56+00:00","description":"Zs\u00e1kos \u00e9p\u00edt\u00e9si \u00e9s bont\u00e1si t\u00f6rmel\u00e9k el sz\u00e1ll\u00edt\u00e1sa rakod\u00e1ssal ak\u00e1r emeletr\u0151l val\u00f3 lehord\u00e1ssal is! Zs\u00e1kos sittsz\u00e1ll\u00edt\u00e1s Budapesten \u00e9s k\u00f6rny\u00e9k\u00e9n!","breadcrumb":{"@id":"https:\/\/komuvesember.hu\/index.php\/zsakos-sitt-szallitas-arak\/#breadcrumb"},"inLanguage":"hu","potentialAction":[{"@type":"ReadAction","target":["https:\/\/komuvesember.hu\/index.php\/zsakos-sitt-szallitas-arak\/"]}]},{"@type":"ImageObject","inLanguage":"hu","@id":"https:\/\/komuvesember.hu\/index.php\/zsakos-sitt-szallitas-arak\/#primaryimage","url":"https:\/\/encrypted-tbn0.gstatic.com\/images?q=tbn:ANd9GcRMkMlu4-Km3bcnru2BAeR4YowmfS8r8Kiylw&amp;s","contentUrl":"https:\/\/encrypted-tbn0.gstatic.com\/images?q=tbn:ANd9GcRMkMlu4-Km3bcnru2BAeR4YowmfS8r8Kiylw&amp;s"},{"@type":"BreadcrumbList","@id":"https:\/\/komuvesember.hu\/index.php\/zsakos-sitt-szallitas-arak\/#breadcrumb","itemListElement":[{"@type":"ListItem","position":1,"name":"Kezd\u0151lap","item":"https:\/\/komuvesember.hu\/"},{"@type":"ListItem","position":2,"name":"Zs\u00e1kos sitt sz\u00e1ll\u00edt\u00e1s \u00e1rak"}]},{"@type":"WebSite","@id":"https:\/\/komuvesember.hu\/#website","url":"https:\/\/komuvesember.hu\/","name":"Ez a k\u0151m\u0171vesember csak megb\u00edzhat\u00f3an dolgozik!","description":"V\u00e1llalok k\u0151m\u0171ves munk\u00e1latokat a-z ig. Falaz\u00e1s, vakol\u00e1s, betonoz\u00e1s \u00e9s lak\u00e1sfel\u00faj\u00edt\u00e1s!","potentialAction":[{"@type":"SearchAction","target":{"@type":"EntryPoint","urlTemplate":"https:\/\/komuvesember.hu\/?s={search_term_string}"},"query-input":{"@type":"PropertyValueSpecification","valueRequired":true,"valueName":"search_term_string"}}],"inLanguage":"hu"}]}},"_links":{"self":[{"href":"https:\/\/komuvesember.hu\/index.php\/wp-json\/wp\/v2\/pages\/94","targetHints":{"allow":["GET"]}}],"collection":[{"href":"https:\/\/komuvesember.hu\/index.php\/wp-json\/wp\/v2\/pages"}],"about":[{"href":"https:\/\/komuvesember.hu\/index.php\/wp-json\/wp\/v2\/types\/page"}],"author":[{"embeddable":true,"href":"https:\/\/komuvesember.hu\/index.php\/wp-json\/wp\/v2\/users\/1"}],"replies":[{"embeddable":true,"href":"https:\/\/komuvesember.hu\/index.php\/wp-json\/wp\/v2\/comments?post=94"}],"version-history":[{"count":5,"href":"https:\/\/komuvesember.hu\/index.php\/wp-json\/wp\/v2\/pages\/94\/revisions"}],"predecessor-version":[{"id":102,"href":"https:\/\/komuvesember.hu\/index.php\/wp-json\/wp\/v2\/pages\/94\/revisions\/102"}],"wp:attachment":[{"href":"https:\/\/komuvesember.hu\/index.php\/wp-json\/wp\/v2\/media?parent=94"}],"curies":[{"name":"wp","href":"https:\/\/api.w.org\/{rel}","templated":true}]}}