{"id":49,"date":"2024-10-03T11:48:53","date_gmt":"2024-10-03T11:48:53","guid":{"rendered":"https:\/\/felujitasepites.komuvesember.hu\/wordpress\/?page_id=49"},"modified":"2024-10-04T11:41:54","modified_gmt":"2024-10-04T11:41:54","slug":"burkolas-arak","status":"publish","type":"page","link":"https:\/\/komuvesember.hu\/index.php\/burkolas-arak\/","title":{"rendered":"Burkol\u00e1s \u00e1rak"},"content":{"rendered":"\n<p class=\"has-text-align-center\"><\/p>\n\n\n<p><\/p>\n\n\n<\/p>\n<h2 class=\"has-text-align-center\">Burkol\u00e1s munkad\u00edjak.<\/h2>\n<p>\n\n\n\n<\/p>\n<h3 class=\"has-text-align-center\">V\u00e1llalok oldalfal csemp\u00e9z\u00e9st padl\u00f3 burkol\u00e1st f\u00fcrd\u0151 szob\u00e1kban, konyh\u00e1kban \u00e9s teraszokon. Term\u00e9szetes k\u0151 burkolatokkal is dolgozom k\u00fcls\u0151 \u00e9s bels\u0151 terekben.Kisebb munk\u00e1latokat jav\u00edt\u00f3 \u00e9s helyre\u00e1ll\u00edt\u00f3 feladatokat is elv\u00e9gzem. Cs\u0151t\u00f6r\u00e9s \u00e9s v\u00edz\u00f3ra be\u00e9p\u00edt\u00e9s ut\u00e1ni helyre\u00e1ll\u00edt\u00e1st is. Teraszok, erk\u00e9lyek \u00e9s folyos\u00f3k burkol\u00e1sa. Ker\u00edt\u00e9sek,t\u00e1mfalak\u00a0 k\u0151 \u00e9s d\u00edszt\u00e9gl\u00e1val val\u00f3 d\u00edsz\u00edt\u00e9se. Ezek bont\u00f3 munk\u00e1it kivitelezem kis menyis\u00e9gben is.<\/h3>\n<h2 style=\"text-align: center;\">N\u00e9v: Nov\u00e1k G\u00e1bor<\/h2>\n<h2 style=\"text-align: center;\">Telefon: 06 20 594 0260<\/h2>\n<h2 style=\"text-align: center;\">e-mail: komuves.burkolo@freemail.hu<\/h2>\n<h3 style=\"text-align: center;\">Szak\u00e9rt\u0151 csapatunk m\u00e1r t\u00f6bb mint h\u00e1rom \u00e9vtizede \u00e1ll \u00fcgyfeleink rendelkez\u00e9s\u00e9re a legk\u00fcl\u00f6nf\u00e9l\u00e9bb szolg\u00e1ltat\u00e1sok ter\u00e9n. Keressen minket bizalommal \u00e9s mi elv\u00e9gezz\u00fck a\u00a0 munk\u00e1t!<\/h3>\n<p><img decoding=\"async\" class=\"aligncenter\" src=\"https:\/\/encrypted-tbn0.gstatic.com\/images?q=tbn:ANd9GcTI4xyEFpCxBcrBxp_diuezbUkqDSdjssQnhQ&amp;s\" alt=\"Burkol\u00e1s \u2013 Mezei Bau \u2013 Teljesk\u00f6r\u0171 \u00e9p\u00edt\u0151ipari kivitelez\u00e9s\" \/><\/p>\n<p>\n\n<\/p>\n<h2 style=\"text-align: center;\">Fontos! Ne feledje!<br \/>Megb\u00edzhat\u00f3s\u00e1g \u2013 Precizit\u00e1s \u2013 Gyorsas\u00e1g \u2013 Olcs\u00f3 munkad\u00edj \u2013 Garancia \u2013 Szakszer\u0171 munkav\u00e9gz\u00e9s \u2013 Tiszta munka \u2013 Ingyenes felm\u00e9r\u00e9s &#8211; Partners\u00e9g &#8211; \u00c1tgondolts\u00e1g &#8211; Gondos tervez\u00e9s &#8211; 30 \u00e9v tapasztalat<\/h2>\n<p><img decoding=\"async\" class=\"aligncenter\" src=\"https:\/\/encrypted-tbn0.gstatic.com\/images?q=tbn:ANd9GcRC7nLGTge7ogizuVBDDHgnAbBKnnADn7W90w&amp;s\" alt=\"A burkol\u00e1s nagyon t\u00e1g foglalom. a burkol\u00e1s alapvet\u0151 elemei.\" \/><\/p>\n<h3 style=\"text-align: center;\"><strong>P\u00e9nzt\u00e1rca k\u00edm\u00e9l\u0151 \u00e1rakat biztos\u00edtunk, modern, kiv\u00e1l\u00f3 \u00e1llapot\u00fa g\u00e9peket haszn\u00e1lunk a burkol\u00e1si munk\u00e1k ter\u00e9n ter\u00fclet\u00e9n!\u00a0<\/strong><\/h3>\n<p><img decoding=\"async\" class=\"aligncenter\" src=\"https:\/\/encrypted-tbn0.gstatic.com\/images?q=tbn:ANd9GcQwXK2ZVE7hO9hrtbZol0hzRfPyldtOhYsFAQ&amp;s\" alt=\"A p\u00e9nz els\u0151 szab\u00e1lya | 1ev.hu\" \/><\/p>\n<h2 style=\"text-align: center;\">N\u00e9v: Nov\u00e1k G\u00e1bor<\/h2>\n<h2 style=\"text-align: center;\">Telefon: 06 20 594 0260<\/h2>\n<h2 style=\"text-align: center;\">e-mail: komuves.burkolo@freemail.hu<\/h2>\n<h2 class=\"western\" style=\"text-align: center;\">B\u00e1tran ki jelenthetj\u00fck, hogy a szakdud\u00e1sunkat legnagyobb oda figyel\u00e9ssel ny\u00fajtjuk. Mind \u00e1rban \u00e9s min\u0151s\u00e9gben egyar\u00e1nt.<\/h2>\n<h2 style=\"text-align: center;\">Tekintse meg nett\u00f3 anyag mentes \u00e1rakat amely minimum 60-70 nm-t\u0151l sz\u00e1molva. Az \u00e1raim t\u00e1j\u00e9koztat\u00f3 jelleg\u0171ek felm\u00e9r\u00e9s ut\u00e1n tudok aj\u00e1nlatot adni.<\/h2>\n<h2 style=\"text-align: center;\">Aljzat \u00e9s oldalfal ker\u00e1mia vagy gress h\u00e1l\u00f3ban 19000 Ft\/nm-t\u00f3l<br \/>Aljzat oldalfal \u00e9s oldalfal diagon\u00e1lban 21000 Ft\/nm-t\u00f3l<\/h2>\n<h2 style=\"text-align: center;\">Aljzat \u00e9s oldalfal m\u00e1rv\u00e1ny agglo h\u00e1l\u00f3ban 26000 ft\/nm-t\u00f3l<\/h2>\n<h2>Aljzat \u00e9s oldalfal m\u00e1rv\u00e1ny agglo diagon\u00e1l 31000 Ft\/nm-t\u00f3l<\/h2>\n<h2 style=\"text-align: center;\">Aljzat \u00e9s oldafal gr\u00e1nit h\u00e1l\u00f3ban 34000 Ft\/nm-t\u00f3l<\/h2>\n<h2 style=\"text-align: center;\">Aljzat \u00e9s oldalfal gr\u00e1nit diagon\u00e1l 38000 Ft\/nm-t\u00f3lL\u00e9pcs\u0151 burkol\u00e1s ker\u00e1mia gress 28000 Ft\/nm-t\u00f3l<\/h2>\n<h2 style=\"text-align: center;\">L\u00e9pcs\u0151 burkol\u00e1s m\u00e1rv\u00e1ny agglo 36000 Ft\/nm-t\u00f3l<\/h2>\n<h2 style=\"text-align: center;\"><br \/>L\u00e9pcs\u0151 burkol\u00e1s gr\u00e1nit 38000 Ft\/nm-t\u00f3l<\/h2>\n<h2 style=\"text-align: center;\">\u00dcvegmozaik egysz\u00edn\u0171 30000 Ft\/nm-t\u00f3l<\/h2>\n<h2 style=\"text-align: center;\">\u00dcvegmozaik szines mint\u00e1s 33000 Ft\/nm-t\u00f3l<\/h2>\n<h2 style=\"text-align: center;\">Padka ker\u00e1mia gress 15000 Ft\/fm-t\u00f3l<\/h2>\n<h2 style=\"text-align: center;\">Padka m\u00e1rv\u00e1ny agglo 16000 Ft\/fm-t\u00f3l<\/h2>\n<h2 style=\"text-align: center;\">Padka gr\u00e1nit 17000 Ft\/fm-t\u00f3l<\/h2>\n<h2 style=\"text-align: center;\">Bord\u0171r vagy dekor burkol\u00e1s 4100 Ft\/fm-t\u00f3l<\/h2>\n<h2 style=\"text-align: center;\">\u00c9lv\u00e9d\u0151 fogasin elhelyez\u00e9se 3200 Ft\/fm-t\u00f3l<\/h2>\n<h2 style=\"text-align: center;\">Szilikonoz\u00e1s 2000 Ft\/fm-t\u00f3l<\/h2>\n<h2 style=\"text-align: center;\">Egyenes l\u00e1bazat burkol\u00e1s 7000 Ft\/fm-t\u00f3l<br \/>Padl\u00f3 kiegyenl\u00edt\u00e9s 6000 Ft\/nm-t\u00f3l<\/h2>\n<h2 style=\"text-align: center;\">Padl\u00f3 kiegyenl\u00edt\u00e9s michungal 13000 Ft\/nm-t\u00f3l<\/h2>\n<h2 style=\"text-align: center;\">Padka falaz\u00e1sa 14000 Ft\/nm-t\u00f3l<br \/>Zuhany t\u00e1lca be\u00e9p\u00edt\u00e9se 18000 Ft\/db-t\u00f3l<br \/>K\u00e1d be\u00e9p\u00edt\u00e9se egyenes vagy \u00edves 26000 Ft\/db-t\u00f3l<br \/>R\u00e1csos k\u0151 vagy f\u0171k\u0151 lerak\u00e1sa f\u00f6ldmunka n\u00e9lk\u00fcl 14500 Ft\/nm-t\u00f3l<\/h2>\n<h2 style=\"text-align: center;\">T\u00e9rk\u0151 burkol\u00e1s viacolor, unidekor \u00e9s egy\u00e9bb rost\u00e1lt s\u00f3derbe vibr\u00e1lva,bes\u00f6pr\u00e9ssel F\u00f6ldmunka n\u00e9lk\u00fcl 16000 Ft\/nm-t\u00f3l<\/h2>\n<h2 style=\"text-align: center;\">\u00a0\u00a0Szeg\u00e9lyk\u0151 betonba rakva 8000 Ft\/fm-t\u00f3l<\/h2>\n<h2 style=\"text-align: center;\" align=\"center\"><span lang=\"hu-HU\">Szeg\u00e9lyk\u0151 lerak\u00e1sa betonba rakva s\u00fcllyesztett 9000 Ft\/nm<\/span><span lang=\"hu-HU\">-t\u00f3l<\/span><\/h2>\n<h2 align=\"center\"><span lang=\"hu-HU\">Szeg\u00e9lyk<\/span><span lang=\"hu-HU\">\u0151\u00a0<\/span><span lang=\"hu-HU\">lerak\u00e1sa betonba rakva kiemelt 9000 Ft\/nm<\/span><span lang=\"hu-HU\">-t\u00f3l<\/span><\/h2>\n<h2 align=\"center\"><span lang=\"hu-HU\">Mediterr\u00e1n k<\/span><span lang=\"hu-HU\">\u0151\u00a0<\/span><span lang=\"hu-HU\">\u00e9s egy\u00e9b term\u00e9szetes k<\/span><span lang=\"hu-HU\">\u0151\u00a0<\/span><span lang=\"hu-HU\">rak\u00e1sa 45000 Ft\/nm<\/span><span lang=\"hu-HU\">-t\u00f3l<\/span><\/h2>\n<h2 style=\"text-align: center;\">Szolg\u00e1ltat\u00e1si ter\u00fclet:<\/h2>\n<h2>\u00a0<\/h2>\n<h2 style=\"text-align: center;\"><strong>Budapest:<\/strong><\/h2>\n<h3 style=\"text-align: center;\">\u00a0Burkol\u00e1si munk\u00e1k: <strong>I. ker\u00fclet :<\/strong>\u00a0Gell\u00e9rthegy, Krisztinav\u00e1ros, Tab\u00e1n, V\u00e1r, V\u00edziv\u00e1ros<\/h3>\n<h3 style=\"text-align: center;\">Burkol\u00e1si munk\u00e1k:<strong>\u00a0II.ker\u00fclet:<\/strong>\u00a0Adyliget, Budakeszi, Budaliget, Csat\u00e1rka, Felh\u00e9v\u00edz, H\u00e1rshegy, H\u0171v\u00f6sv\u00f6lgy, K\u0151v\u00e1r, Kurucles, Lip\u00f3tmez\u0151, M\u00e1riaremete, P\u00e1lv\u00f6lgy, Pasar\u00e9t, Pesthidegk\u00fat, Remetekertv\u00e1ros, R\u00e9zm\u00e1l, R\u00f3zsadomb, Szeml\u0151hegy, Sz\u00e9phalom, Sz\u00e9pilona, Sz\u00e9p-v\u00f6lgy, T\u00f6r\u00f6kv\u00e9sz, V\u00e9rhalom, Z\u00f6ldm\u00e1l<\/h3>\n<h3 style=\"text-align: center;\">Burkol\u00e1si munk\u00e1k: <strong>III. ker\u00fclet\u00a0<\/strong><strong>:\u00a0<\/strong>Aquincum, Aranyhegy, B\u00e9k\u00e1smegyer, Csillaghegy, Cs\u00facshegy, Filatorig\u00e1t, H\u00e1rmashat\u00e1rhegy, \u00d3buda, Remetehegy, R\u00f3mai f\u00fcrd\u0151, Solym\u00e1rv\u00f6lgy, T\u00e1borhegy, Testv\u00e9rhegy, T\u00f6r\u00f6kk\u0151, \u00dajlak, \u00dcr\u00f6mhegy<\/h3>\n<h3 style=\"text-align: center;\">Burkol\u00e1si munk\u00e1k: <strong>IV. ker\u00fclet:<\/strong>\u00a0Istv\u00e1ntelek, K\u00e1poszt\u00e1smegyer, Megyer, Sz\u00e9kes d\u0171l\u0151, \u00dajpest<\/h3>\n<h3 style=\"text-align: center;\">Burkol\u00e1si munk\u00e1k: <strong>V. ker\u00fclet:<\/strong>\u00a0Belv\u00e1ros, Lip\u00f3tv\u00e1ros<\/h3>\n<h3 style=\"text-align: center;\">Burkol\u00e1si munk\u00e1k: <strong>VI.<\/strong>\u00a0<strong>ker\u00fclet:<\/strong>\u00a0Ter\u00e9zv\u00e1ros<\/h3>\n<h3 style=\"text-align: center;\">Burkol\u00e1si munk\u00e1k:<strong>\u00a0VII. ker\u00fclet:<\/strong>\u00a0Erzs\u00e9betv\u00e1ros<\/h3>\n<h3 style=\"text-align: center;\">Burkol\u00e1si munk\u00e1k:<strong>\u00a0VIII. ker\u00fclet:<\/strong>\u00a0J\u00f3zsefv\u00e1ros<\/h3>\n<h3 style=\"text-align: center;\">Burkol\u00e1si munk\u00e1k:<strong>\u00a0IX. ker\u00fclet:\u00a0<\/strong>Ferencv\u00e1ros<\/h3>\n<h3 style=\"text-align: center;\">Burkol\u00e1si munk\u00e1k: <strong>X. ker\u00fclet:\u00a0<\/strong>Fels\u0151r\u00e1kos, Gy\u00e1rd\u0171l\u0151, Kereszt\u00farid\u0171l\u0151, K\u0151b\u00e1nya-Kertv\u00e1ros, K\u00fatt\u00f3, Laposd\u0171l\u0151, Ligettelek, N\u00e9pliget, \u00d3hegy, T\u00e9glagy\u00e1rd\u0171l\u0151, \u00dajhegy<\/h3>\n<h3 style=\"text-align: center;\">Burkol\u00e1si munk\u00e1k: <strong>XI. ker\u00fclet:\u00a0<\/strong>Albertfalva, Dobog\u00f3, Gazdagr\u00e9t, Gell\u00e9rthegy , Hossz\u00far\u00e9t, Kamaraerd\u0151, Kelenf\u00f6ld, Kelenv\u00f6lgy, K\u0151\u00e9rberek, L\u00e1gym\u00e1nyos, Mad\u00e1rhegy, \u0150rmez\u0151, P\u00e9terhegy, Sasad, Sashegy, Tab\u00e1n<\/h3>\n<h3>\u00a0<\/h3>\n<h3 style=\"text-align: center;\">Burkol\u00e1si munk\u00e1k: <strong>XII. ker\u00fclet:<\/strong>\u00a0Budakeszierd\u0151, Csilleb\u00e9rc, Farkasr\u00e9t, Farkasv\u00f6lgy, Istenhegy, J\u00e1noshegy, Kissv\u00e1bhegy, Krisztinav\u00e1ros, K\u00fatv\u00f6lgy, Magas\u00fat, M\u00e1rtonhegy, N\u00e9metv\u00f6lgy, Orb\u00e1nhegy, Sashegy, \u00a0Sv\u00e1bhegy, Sz\u00e9chenyihegy, \u00a0Vir\u00e1nyos, \u00a0Zugliget<\/h3>\n<h3 style=\"text-align: center;\">Burkol\u00e1si munk\u00e1k: <strong>XIII. ker\u00fclet:\u00a0<\/strong>Angyalf\u00f6ld, Margitsziget, N\u00e9psziget, \u00dajlip\u00f3tv\u00e1ros, Vizafog\u00f3<\/h3>\n<h3 style=\"text-align: center;\">Burkol\u00e1si munk\u00e1k: <strong>XIV. ker\u00fclet:<\/strong>\u00a0Als\u00f3r\u00e1kos, Herminamez\u0151, Istv\u00e1nmez\u0151, Kiszugl\u00f3, Nagyzugl\u00f3, R\u00e1kosfalva, T\u00f6r\u00f6k\u0151r, V\u00e1rosliget<\/h3>\n<h3 style=\"text-align: center;\">Burkol\u00e1si munk\u00e1k: XV<strong>. ker\u00fclet:\u00a0<\/strong>R\u00e1kospalota, Pest\u00fajhely, \u00dajpalota<\/h3>\n<h3 style=\"text-align: center;\">Burkol\u00e1si munk\u00e1k: <strong>XVI. ker\u00fclet:<\/strong>\u00a0\u00c1rp\u00e1df\u00f6ld, Cinkota, M\u00e1ty\u00e1sf\u00f6ld, R\u00e1kosszentmih\u00e1ly, Sashalom<\/h3>\n<h3 style=\"text-align: center;\">Burkol\u00e1si munk\u00e1k: <strong>XVII. ker\u00fclet:<\/strong>\u00a0Akad\u00e9mia\u00fajtelep, Mad\u00e1rdomb, R\u00e1koscsaba, R\u00e1koscsaba-\u00dajtelep, R\u00e1koshegy, R\u00e1koskereszt\u00far, R\u00e1koskert, R\u00e1kosliget, R\u00e9giakad\u00e9miatelep<\/h3>\n<h3 style=\"text-align: center;\">Burkol\u00e1si munk\u00e1k:<strong>\u00a0XVIII. ker\u00fclet:\u00a0<\/strong>Alm\u00e1skert, B\u00e9latelep, Bels\u0151major, B\u00f3kaytelep, Erd\u0151skert, Erzs\u00e9bettelep, Ferihegy, Ganzkertv\u00e1ros, Ganztelep, Gloriett telep, Halmierd\u0151, Havanna-lak\u00f3telep, Kossuth Ferenc-telep, Krepuska G\u00e9za-telep, Lakatos-lak\u00f3telep, Lipt\u00e1ktelep, L\u00f3nyaytelep, Mikl\u00f3stelep, Pestszentimre, Rendessytelep, Szemeretelep, Szent Imre-kertv\u00e1ros, Szent L\u0151rinc-telep, \u00dajp\u00e9teritelep<\/h3>\n<h3 style=\"text-align: center;\">Burkol\u00e1si munk\u00e1k: XIX<strong>. ker\u00fclet:\u00a0<\/strong>Kispest, Wekerletelep<\/h3>\n<h3 style=\"text-align: center;\">Burkol\u00e1si munk\u00e1k: <strong>XX. ker\u00fclet:<\/strong>\u00a0Erzs\u00e9betfalva, Gubacs, Gubacsipuszta, Kossuthfalva, Pacsirtatelep, Szab\u00f3telep<\/h3>\n<h3 style=\"text-align: center;\">Burkol\u00e1si munk\u00e1k:<strong>\u00a0XXI. ker\u00fclet:<\/strong>\u00a0Csepel-Belv\u00e1ros, Csepel-Csillagtelep, Csepel-Erd\u0151alja, Csepel-Erd\u0151sor, Csepel-Gy\u00e1rtelep, Csepel-H\u00e1ros, Csepel-Kertv\u00e1ros, Csepel-Kir\u00e1lyerd\u0151, Csepel-Kir\u00e1lymajor, Csepel-\u00d3falu, Csepel-R\u00f3zsadomb, Csepel-Szab\u00f3telep, Csepel-Szigetcs\u00facs<\/h3>\n<h3 style=\"text-align: center;\">Burkol\u00e1si munk\u00e1k:<strong>\u00a0XXII. ker\u00fclet:\u00a0<\/strong>Baross G\u00e1bor-telep, Budafok, Budat\u00e9t\u00e9ny, Nagyt\u00e9t\u00e9ny<\/h3>\n<h3 style=\"text-align: center;\">Burkol\u00e1si munk\u00e1k: <strong>XXIII. ker\u00fclet:\u00a0<\/strong>Millenniumtelep, Soroks\u00e1r, Soroks\u00e1r-\u00dajtelep<\/h3>\n<h2 style=\"text-align: center;\">Tisztelettel: Nov\u00e1k G\u00e1bor<\/h2>\n<h2 style=\"text-align: center;\">Telefon: +36 20 594 0260<\/h2>\n<h2 style=\"text-align: center;\">e-mail: komuves.burkolo@freemail.hu<\/h2>\n<h3>\n\n<\/h3>\n<p>\n\n\n<p><\/p>","protected":false},"excerpt":{"rendered":"<p>Burkol\u00e1s munkad\u00edjak. V\u00e1llalok oldalfal csemp\u00e9z\u00e9st padl\u00f3 burkol\u00e1st f\u00fcrd\u0151 szob\u00e1kban, konyh\u00e1kban \u00e9s teraszokon. Term\u00e9szetes k\u0151 burkolatokkal is dolgozom k\u00fcls\u0151 \u00e9s bels\u0151 terekben.Kisebb munk\u00e1latokat jav\u00edt\u00f3 \u00e9s helyre\u00e1ll\u00edt\u00f3 feladatokat is elv\u00e9gzem. Cs\u0151t\u00f6r\u00e9s \u00e9s v\u00edz\u00f3ra be\u00e9p\u00edt\u00e9s ut\u00e1ni helyre\u00e1ll\u00edt\u00e1st is. Teraszok, erk\u00e9lyek \u00e9s folyos\u00f3k burkol\u00e1sa. Ker\u00edt\u00e9sek,t\u00e1mfalak\u00a0 k\u0151 \u00e9s d\u00edszt\u00e9gl\u00e1val val\u00f3 d\u00edsz\u00edt\u00e9se. Ezek bont\u00f3 munk\u00e1it kivitelezem kis menyis\u00e9gben is. N\u00e9v: Nov\u00e1k &#8230; <span class=\"more\"><a class=\"more-link\" href=\"https:\/\/komuvesember.hu\/index.php\/burkolas-arak\/\">[Read more&#8230;]<\/a><\/span><\/p>\n","protected":false},"author":1,"featured_media":0,"parent":0,"menu_order":4,"comment_status":"closed","ping_status":"closed","template":"page-full-width.php","meta":{"footnotes":""},"class_list":["entry","page","publish","author-komuves-burkolofreemail-hu","post-49"],"yoast_head":"<!-- This site is optimized with the Yoast SEO plugin v27.3 - https:\/\/yoast.com\/product\/yoast-seo-wordpress\/ -->\n<title>Burkol\u00e1s \u00e1rak - Ez a k\u0151m\u0171vesember csak megb\u00edzhat\u00f3an dolgozik!<\/title>\n<meta name=\"robots\" content=\"noindex, follow, max-snippet:-1, max-image-preview:large, max-video-preview:-1\" \/>\n<meta property=\"og:locale\" content=\"hu_HU\" \/>\n<meta property=\"og:type\" content=\"article\" \/>\n<meta property=\"og:title\" content=\"Burkol\u00e1s \u00e1rak - Ez a k\u0151m\u0171vesember csak megb\u00edzhat\u00f3an dolgozik!\" \/>\n<meta property=\"og:description\" content=\"Burkol\u00e1s munkad\u00edjak. V\u00e1llalok oldalfal csemp\u00e9z\u00e9st padl\u00f3 burkol\u00e1st f\u00fcrd\u0151 szob\u00e1kban, konyh\u00e1kban \u00e9s teraszokon. Term\u00e9szetes k\u0151 burkolatokkal is dolgozom k\u00fcls\u0151 \u00e9s bels\u0151 terekben.Kisebb munk\u00e1latokat jav\u00edt\u00f3 \u00e9s helyre\u00e1ll\u00edt\u00f3 feladatokat is elv\u00e9gzem. Cs\u0151t\u00f6r\u00e9s \u00e9s v\u00edz\u00f3ra be\u00e9p\u00edt\u00e9s ut\u00e1ni helyre\u00e1ll\u00edt\u00e1st is. Teraszok, erk\u00e9lyek \u00e9s folyos\u00f3k burkol\u00e1sa. Ker\u00edt\u00e9sek,t\u00e1mfalak\u00a0 k\u0151 \u00e9s d\u00edszt\u00e9gl\u00e1val val\u00f3 d\u00edsz\u00edt\u00e9se. Ezek bont\u00f3 munk\u00e1it kivitelezem kis menyis\u00e9gben is. N\u00e9v: Nov\u00e1k ... [Read more...]\" \/>\n<meta property=\"og:url\" content=\"https:\/\/komuvesember.hu\/index.php\/burkolas-arak\/\" \/>\n<meta property=\"og:site_name\" content=\"Ez a k\u0151m\u0171vesember csak megb\u00edzhat\u00f3an dolgozik!\" \/>\n<meta property=\"article:modified_time\" content=\"2024-10-04T11:41:54+00:00\" \/>\n<meta property=\"og:image\" content=\"https:\/\/encrypted-tbn0.gstatic.com\/images?q=tbn:ANd9GcTI4xyEFpCxBcrBxp_diuezbUkqDSdjssQnhQ&amp;s\" \/>\n<meta name=\"twitter:card\" content=\"summary_large_image\" \/>\n<meta name=\"twitter:label1\" content=\"Becs\u00fclt olvas\u00e1si id\u0151\" \/>\n\t<meta name=\"twitter:data1\" content=\"6 perc\" \/>\n<script type=\"application\/ld+json\" class=\"yoast-schema-graph\">{\"@context\":\"https:\\\/\\\/schema.org\",\"@graph\":[{\"@type\":\"WebPage\",\"@id\":\"https:\\\/\\\/komuvesember.hu\\\/index.php\\\/burkolas-arak\\\/\",\"url\":\"https:\\\/\\\/komuvesember.hu\\\/index.php\\\/burkolas-arak\\\/\",\"name\":\"Burkol\u00e1s \u00e1rak - Ez a k\u0151m\u0171vesember csak megb\u00edzhat\u00f3an dolgozik!\",\"isPartOf\":{\"@id\":\"https:\\\/\\\/komuvesember.hu\\\/#website\"},\"primaryImageOfPage\":{\"@id\":\"https:\\\/\\\/komuvesember.hu\\\/index.php\\\/burkolas-arak\\\/#primaryimage\"},\"image\":{\"@id\":\"https:\\\/\\\/komuvesember.hu\\\/index.php\\\/burkolas-arak\\\/#primaryimage\"},\"thumbnailUrl\":\"https:\\\/\\\/encrypted-tbn0.gstatic.com\\\/images?q=tbn:ANd9GcTI4xyEFpCxBcrBxp_diuezbUkqDSdjssQnhQ&amp;s\",\"datePublished\":\"2024-10-03T11:48:53+00:00\",\"dateModified\":\"2024-10-04T11:41:54+00:00\",\"breadcrumb\":{\"@id\":\"https:\\\/\\\/komuvesember.hu\\\/index.php\\\/burkolas-arak\\\/#breadcrumb\"},\"inLanguage\":\"hu\",\"potentialAction\":[{\"@type\":\"ReadAction\",\"target\":[\"https:\\\/\\\/komuvesember.hu\\\/index.php\\\/burkolas-arak\\\/\"]}]},{\"@type\":\"ImageObject\",\"inLanguage\":\"hu\",\"@id\":\"https:\\\/\\\/komuvesember.hu\\\/index.php\\\/burkolas-arak\\\/#primaryimage\",\"url\":\"https:\\\/\\\/encrypted-tbn0.gstatic.com\\\/images?q=tbn:ANd9GcTI4xyEFpCxBcrBxp_diuezbUkqDSdjssQnhQ&amp;s\",\"contentUrl\":\"https:\\\/\\\/encrypted-tbn0.gstatic.com\\\/images?q=tbn:ANd9GcTI4xyEFpCxBcrBxp_diuezbUkqDSdjssQnhQ&amp;s\"},{\"@type\":\"BreadcrumbList\",\"@id\":\"https:\\\/\\\/komuvesember.hu\\\/index.php\\\/burkolas-arak\\\/#breadcrumb\",\"itemListElement\":[{\"@type\":\"ListItem\",\"position\":1,\"name\":\"Kezd\u0151lap\",\"item\":\"https:\\\/\\\/komuvesember.hu\\\/\"},{\"@type\":\"ListItem\",\"position\":2,\"name\":\"Burkol\u00e1s \u00e1rak\"}]},{\"@type\":\"WebSite\",\"@id\":\"https:\\\/\\\/komuvesember.hu\\\/#website\",\"url\":\"https:\\\/\\\/komuvesember.hu\\\/\",\"name\":\"Ez a k\u0151m\u0171vesember csak megb\u00edzhat\u00f3an dolgozik!\",\"description\":\"V\u00e1llalok k\u0151m\u0171ves munk\u00e1latokat a-z ig. Falaz\u00e1s, vakol\u00e1s, betonoz\u00e1s \u00e9s lak\u00e1sfel\u00faj\u00edt\u00e1s!\",\"potentialAction\":[{\"@type\":\"SearchAction\",\"target\":{\"@type\":\"EntryPoint\",\"urlTemplate\":\"https:\\\/\\\/komuvesember.hu\\\/?s={search_term_string}\"},\"query-input\":{\"@type\":\"PropertyValueSpecification\",\"valueRequired\":true,\"valueName\":\"search_term_string\"}}],\"inLanguage\":\"hu\"}]}<\/script>\n<!-- \/ Yoast SEO plugin. -->","yoast_head_json":{"title":"Burkol\u00e1s \u00e1rak - Ez a k\u0151m\u0171vesember csak megb\u00edzhat\u00f3an dolgozik!","robots":{"index":"noindex","follow":"follow","max-snippet":"max-snippet:-1","max-image-preview":"max-image-preview:large","max-video-preview":"max-video-preview:-1"},"og_locale":"hu_HU","og_type":"article","og_title":"Burkol\u00e1s \u00e1rak - Ez a k\u0151m\u0171vesember csak megb\u00edzhat\u00f3an dolgozik!","og_description":"Burkol\u00e1s munkad\u00edjak. V\u00e1llalok oldalfal csemp\u00e9z\u00e9st padl\u00f3 burkol\u00e1st f\u00fcrd\u0151 szob\u00e1kban, konyh\u00e1kban \u00e9s teraszokon. Term\u00e9szetes k\u0151 burkolatokkal is dolgozom k\u00fcls\u0151 \u00e9s bels\u0151 terekben.Kisebb munk\u00e1latokat jav\u00edt\u00f3 \u00e9s helyre\u00e1ll\u00edt\u00f3 feladatokat is elv\u00e9gzem. Cs\u0151t\u00f6r\u00e9s \u00e9s v\u00edz\u00f3ra be\u00e9p\u00edt\u00e9s ut\u00e1ni helyre\u00e1ll\u00edt\u00e1st is. Teraszok, erk\u00e9lyek \u00e9s folyos\u00f3k burkol\u00e1sa. Ker\u00edt\u00e9sek,t\u00e1mfalak\u00a0 k\u0151 \u00e9s d\u00edszt\u00e9gl\u00e1val val\u00f3 d\u00edsz\u00edt\u00e9se. Ezek bont\u00f3 munk\u00e1it kivitelezem kis menyis\u00e9gben is. N\u00e9v: Nov\u00e1k ... [Read more...]","og_url":"https:\/\/komuvesember.hu\/index.php\/burkolas-arak\/","og_site_name":"Ez a k\u0151m\u0171vesember csak megb\u00edzhat\u00f3an dolgozik!","article_modified_time":"2024-10-04T11:41:54+00:00","og_image":[{"url":"https:\/\/encrypted-tbn0.gstatic.com\/images?q=tbn:ANd9GcTI4xyEFpCxBcrBxp_diuezbUkqDSdjssQnhQ&amp;s","type":"","width":"","height":""}],"twitter_card":"summary_large_image","twitter_misc":{"Becs\u00fclt olvas\u00e1si id\u0151":"6 perc"},"schema":{"@context":"https:\/\/schema.org","@graph":[{"@type":"WebPage","@id":"https:\/\/komuvesember.hu\/index.php\/burkolas-arak\/","url":"https:\/\/komuvesember.hu\/index.php\/burkolas-arak\/","name":"Burkol\u00e1s \u00e1rak - Ez a k\u0151m\u0171vesember csak megb\u00edzhat\u00f3an dolgozik!","isPartOf":{"@id":"https:\/\/komuvesember.hu\/#website"},"primaryImageOfPage":{"@id":"https:\/\/komuvesember.hu\/index.php\/burkolas-arak\/#primaryimage"},"image":{"@id":"https:\/\/komuvesember.hu\/index.php\/burkolas-arak\/#primaryimage"},"thumbnailUrl":"https:\/\/encrypted-tbn0.gstatic.com\/images?q=tbn:ANd9GcTI4xyEFpCxBcrBxp_diuezbUkqDSdjssQnhQ&amp;s","datePublished":"2024-10-03T11:48:53+00:00","dateModified":"2024-10-04T11:41:54+00:00","breadcrumb":{"@id":"https:\/\/komuvesember.hu\/index.php\/burkolas-arak\/#breadcrumb"},"inLanguage":"hu","potentialAction":[{"@type":"ReadAction","target":["https:\/\/komuvesember.hu\/index.php\/burkolas-arak\/"]}]},{"@type":"ImageObject","inLanguage":"hu","@id":"https:\/\/komuvesember.hu\/index.php\/burkolas-arak\/#primaryimage","url":"https:\/\/encrypted-tbn0.gstatic.com\/images?q=tbn:ANd9GcTI4xyEFpCxBcrBxp_diuezbUkqDSdjssQnhQ&amp;s","contentUrl":"https:\/\/encrypted-tbn0.gstatic.com\/images?q=tbn:ANd9GcTI4xyEFpCxBcrBxp_diuezbUkqDSdjssQnhQ&amp;s"},{"@type":"BreadcrumbList","@id":"https:\/\/komuvesember.hu\/index.php\/burkolas-arak\/#breadcrumb","itemListElement":[{"@type":"ListItem","position":1,"name":"Kezd\u0151lap","item":"https:\/\/komuvesember.hu\/"},{"@type":"ListItem","position":2,"name":"Burkol\u00e1s \u00e1rak"}]},{"@type":"WebSite","@id":"https:\/\/komuvesember.hu\/#website","url":"https:\/\/komuvesember.hu\/","name":"Ez a k\u0151m\u0171vesember csak megb\u00edzhat\u00f3an dolgozik!","description":"V\u00e1llalok k\u0151m\u0171ves munk\u00e1latokat a-z ig. Falaz\u00e1s, vakol\u00e1s, betonoz\u00e1s \u00e9s lak\u00e1sfel\u00faj\u00edt\u00e1s!","potentialAction":[{"@type":"SearchAction","target":{"@type":"EntryPoint","urlTemplate":"https:\/\/komuvesember.hu\/?s={search_term_string}"},"query-input":{"@type":"PropertyValueSpecification","valueRequired":true,"valueName":"search_term_string"}}],"inLanguage":"hu"}]}},"_links":{"self":[{"href":"https:\/\/komuvesember.hu\/index.php\/wp-json\/wp\/v2\/pages\/49","targetHints":{"allow":["GET"]}}],"collection":[{"href":"https:\/\/komuvesember.hu\/index.php\/wp-json\/wp\/v2\/pages"}],"about":[{"href":"https:\/\/komuvesember.hu\/index.php\/wp-json\/wp\/v2\/types\/page"}],"author":[{"embeddable":true,"href":"https:\/\/komuvesember.hu\/index.php\/wp-json\/wp\/v2\/users\/1"}],"replies":[{"embeddable":true,"href":"https:\/\/komuvesember.hu\/index.php\/wp-json\/wp\/v2\/comments?post=49"}],"version-history":[{"count":5,"href":"https:\/\/komuvesember.hu\/index.php\/wp-json\/wp\/v2\/pages\/49\/revisions"}],"predecessor-version":[{"id":129,"href":"https:\/\/komuvesember.hu\/index.php\/wp-json\/wp\/v2\/pages\/49\/revisions\/129"}],"wp:attachment":[{"href":"https:\/\/komuvesember.hu\/index.php\/wp-json\/wp\/v2\/media?parent=49"}],"curies":[{"name":"wp","href":"https:\/\/api.w.org\/{rel}","templated":true}]}}