{"id":12,"date":"2024-09-29T09:40:04","date_gmt":"2024-09-29T09:40:04","guid":{"rendered":"https:\/\/felujitasepites.komuvesember.hu\/wordpress\/?page_id=12"},"modified":"2024-12-14T10:26:30","modified_gmt":"2024-12-14T10:26:30","slug":"fooldal","status":"publish","type":"page","link":"https:\/\/komuvesember.hu\/","title":{"rendered":"F\u0151oldal"},"content":{"rendered":"\n<p class=\"has-text-align-center\"><\/p>\n\n\n<h2 style=\"text-align: center;\"><strong>K\u00f6sz\u00f6nt\u00f6m az oldalunkon!<\/strong><\/h2>\n<h3 class=\"has-text-align-center\"><strong>V\u00e1llalunk k\u0151m\u0171ves munk\u00e1kat Lak\u00e1sfel\u00faj\u00edt\u00e1sn\u00e1l \u00e9s&nbsp; csal\u00e1di h\u00e1z \u00e9p\u00edtkez\u00e9sn\u00e9l. Kivitelez\u00fcnk bont\u00e1si munk\u00e1kat legyen sz\u00f3 falak, k\u00e9m\u00e9nyek \u00e9s burkolatok elt\u00e1vol\u00edt\u00e1sa. K\u00e1dak, mosd\u00f3k cser\u00e9pk\u00e1lyh\u00e1k \u00e9s radi\u00e1torok leszerel\u00e9se cs\u0151 h\u00e1l\u00f3zattal egy\u00fctt is megoldhat\u00f3. Tov\u00e1bb\u00e1 ytong \u00e9s hagyom\u00e1nyosan k\u00e9sz\u00fcl\u0151 t\u00e9gl\u00e1kb\u00f3l falak \u00e9s egy\u00e9b \u00e9p\u00edtm\u00e9nyek&nbsp; felh\u00faz\u00e1sa. Vakol\u00e1si munk\u00e1kat k\u00edv\u00fcl, bel\u00fcl \u00e9s betonoz\u00e1si feladatokat is megnyugtatgat\u00f3 m\u00f3don oldjuk meg. Meg csin\u00e1ljuk a szobafest\u00e9st, m\u00e1zol\u00e1st, tap\u00e9t\u00e1z\u00e1st legyen az teljes k\u00f6r\u0171 \u00e1t dolgoz\u00e1s vagy csup\u00e1n tisztas\u00e1gi fest\u00e9s. Gipszkarton szerel\u00e9s falak \u00e9p\u00edt\u00e9se \u00e1lmennyezet k\u00e9sz\u00edt\u00e9s ak\u00e1r kazett\u00e1s rendszer\u0171vel. Hideg meleg burkol\u00e1s. Lak\u00e1sfel\u00faj\u00edt\u00e1son is sz\u00edvesen dolgozunk vagy r\u00e9sz munk\u00e1in. Kisebb jav\u00edt\u00f3 \u00e9s helyre\u00e1ll\u00edt\u00f3 munk\u00e1latokat is elv\u00e9gezz\u00fck.<\/strong><\/h3>\n<p><img decoding=\"async\" class=\"aligncenter\" src=\"https:\/\/encrypted-tbn0.gstatic.com\/images?q=tbn:ANd9GcQjrIJjPh2g6W0GC-ND5Wrd5HEwHfDabkLjkw&amp;s\" alt=\"K\u0150M\u0170VES DEBRECEN | ALAPT\u00d3L A TET\u0150IG, AK\u00c1R TELJES H\u00c1Z-, LAK\u00c1SFEL\u00daJ\u00cdT\u00c1S,  T\u00c9RK\u00d6VEZ\u00c9S\"><\/p>\n<h2 style=\"text-align: center;\"><strong>M\u00e1r 30 \u00e9ve a piacon dolgozunk! <\/strong><\/h2>\n<h3 style=\"text-align: center;\"><strong>Partnereink el\u00e9gedetts\u00e9ge sz\u00e1munkra a legfontosabb, ez\u00e9rt maximalista \u00e9s fiatalos csapatunk minden projektet a legnagyobb odafigyel\u00e9ssel \u00e9s szak\u00e9rtelemmel v\u00e9gez el. C\u00e9lunk, hogy megb\u00edzhat\u00f3, gyors \u00e9s professzion\u00e1lis szolg\u00e1ltat\u00e1sokat ny\u00fajtsunk \u00fcgyfeleinknek, biztos\u00edtva otthonaik \u00e9s ingatlanaik biztons\u00e1g\u00e1t \u00e9s k\u00e9nyelm\u00e9t. Vel\u00fcnk biztos kezekben tudhatja ingatlanj\u00e1t, mert mi nem csak megoldjuk a probl\u00e9m\u00e1kat.<\/strong><\/h3>\n<p><img decoding=\"async\" class=\"aligncenter\" src=\"https:\/\/encrypted-tbn0.gstatic.com\/images?q=tbn:ANd9GcRqYdWHWLYHCcDNvi6CoBUmxibXEExSNnC25g&amp;s\" alt=\"NAGY TIBOR K\u0150M\u0170VES - Si\u00f3fok\"><\/p>\n<h2 style=\"text-align: center;\"><strong>Mi\u00e9rt v\u00e1lasszon minket?&nbsp;&nbsp;<\/strong><\/h2>\n<h3 style=\"text-align: center;\"><strong>Megb\u00edzhat\u00f3s\u00e1g \u2013 Precizit\u00e1s \u2013 Gyorsas\u00e1g \u2013 Olcs\u00f3 munkad\u00edj \u2013 Garancia \u2013 Szakszer\u0171 munkav\u00e9gz\u00e9s \u2013 Tiszta munka \u2013 Ingyenes felm\u00e9r\u00e9s<\/strong><\/h3>\n<h3 style=\"text-align: center;\"><strong><img loading=\"lazy\" decoding=\"async\" class=\"\" src=\"https:\/\/encrypted-tbn0.gstatic.com\/images?q=tbn:ANd9GcTqLhXHs7w3ntrUaWndIye0aeIMji_0Ph4NzA&amp;s\" alt=\"Top 40 Legjobb K\u0151m\u0171ves Szolg\u00e1ltat\u00e1s Itt: Miskolc | HomeRun\" width=\"272\" height=\"155\"> <\/strong><p><\/p>\n<\/h3>\n<h2 style=\"text-align: center;\"><strong>&nbsp;Szolg\u00e1ltat\u00e1si ter\u00fclet<\/strong><\/h2>\n<h2 style=\"text-align: center;\"><strong>Budapest:<\/strong><\/h2>\n<h3 style=\"text-align: center;\">&nbsp;<strong>I. ker\u00fclet :<\/strong>&nbsp;Gell\u00e9rthegy, Krisztinav\u00e1ros, Tab\u00e1n, V\u00e1r, V\u00edziv\u00e1ros<\/h3>\n<h3 style=\"text-align: center;\"><strong>&nbsp;II.ker\u00fclet:<\/strong> Adyliget, Budakeszi, Budaliget, Csat\u00e1rka, Felh\u00e9v\u00edz, H\u00e1rshegy, H\u0171v\u00f6sv\u00f6lgy, K\u0151v\u00e1r, Kurucles, Lip\u00f3tmez\u0151, M\u00e1riaremete, P\u00e1lv\u00f6lgy, Pasar\u00e9t, Pesthidegk\u00fat, Remetekertv\u00e1ros, R\u00e9zm\u00e1l, R\u00f3zsadomb, Szeml\u0151hegy, Sz\u00e9phalom, Sz\u00e9pilona, Sz\u00e9p-v\u00f6lgy, T\u00f6r\u00f6kv\u00e9sz, V\u00e9rhalom, Z\u00f6ldm\u00e1l<\/h3>\n<h3 style=\"text-align: center;\"><strong>&nbsp;III.ker\u00fclet: <\/strong>Aquincum, Aranyhegy, B\u00e9k\u00e1smegyer, Csillaghegy, Cs\u00facshegy, Filatorig\u00e1t, H\u00e1rmashat\u00e1rhegy, \u00d3buda, Remetehegy, R\u00f3mai f\u00fcrd\u0151, Solym\u00e1rv\u00f6lgy, T\u00e1borhegy, Testv\u00e9rhegy, T\u00f6r\u00f6kk\u0151, \u00dajlak, \u00dcr\u00f6mhegy<\/h3>\n<h3 style=\"text-align: center;\"><strong>IV. ker\u00fclet:<\/strong>&nbsp;Istv\u00e1ntelek, K\u00e1poszt\u00e1smegyer, Megyer, Sz\u00e9kes d\u0171l\u0151, \u00dajpest<\/h3>\n<h3 style=\"text-align: center;\"><strong>V. ker\u00fclet:<\/strong>&nbsp;Belv\u00e1ros, Lip\u00f3tv\u00e1ros<\/h3>\n<h3 style=\"text-align: center;\"><strong>VI.<\/strong>&nbsp;<strong>ker\u00fclet:<\/strong>&nbsp;Ter\u00e9zv\u00e1ros<\/h3>\n<h3 style=\"text-align: center;\"><strong>VII. ker\u00fclet:<\/strong>&nbsp;Erzs\u00e9betv\u00e1ros<\/h3>\n<h3 style=\"text-align: center;\"><strong>VIII. ker\u00fclet:<\/strong>&nbsp;J\u00f3zsefv\u00e1ros<\/h3>\n<h3 style=\"text-align: center;\"><strong>IX. ker\u00fclet: <\/strong>Ferencv\u00e1ros<\/h3>\n<h3 style=\"text-align: center;\">&nbsp;<strong>X. ker\u00fclet:&nbsp;<\/strong>Fels\u0151r\u00e1kos, Gy\u00e1rd\u0171l\u0151, Kereszt\u00farid\u0171l\u0151, K\u0151b\u00e1nya-Kertv\u00e1ros, K\u00fatt\u00f3, Laposd\u0171l\u0151, Ligettelek, N\u00e9pliget, \u00d3hegy, T\u00e9glagy\u00e1rd\u0171l\u0151, \u00dajhegy<\/h3>\n<h3 style=\"text-align: center;\"><strong>XI. ker\u00fclet: <\/strong>Albertfalva, Dobog\u00f3, Gazdagr\u00e9t, Gell\u00e9rthegy , Hossz\u00far\u00e9t, Kamaraerd\u0151, Kelenf\u00f6ld, Kelenv\u00f6lgy, K\u0151\u00e9rberek, L\u00e1gym\u00e1nyos, Mad\u00e1rhegy, \u0150rmez\u0151, P\u00e9terhegy, Sasad, Sashegy, Tab\u00e1n<\/h3>\n<h3 style=\"text-align: center;\">&nbsp;<strong>&nbsp;XII. ker\u00fclet:<\/strong>&nbsp;Budakeszierd\u0151, Csilleb\u00e9rc, Farkasr\u00e9t, Farkasv\u00f6lgy, Istenhegy, J\u00e1noshegy, Kissv\u00e1bhegy, Krisztinav\u00e1ros, K\u00fatv\u00f6lgy, Magas\u00fat, M\u00e1rtonhegy, N\u00e9metv\u00f6lgy, Orb\u00e1nhegy, Sashegy, &nbsp;Sv\u00e1bhegy, Sz\u00e9chenyihegy, &nbsp;Vir\u00e1nyos, &nbsp;Zugliget<\/h3>\n<h3 style=\"text-align: center;\"><strong>&nbsp;XIII. ker\u00fclet: <\/strong>Angyalf\u00f6ld, Margitsziget, N\u00e9psziget, \u00dajlip\u00f3tv\u00e1ros, Vizafog\u00f3<\/h3>\n<h3 style=\"text-align: center;\"><strong>&nbsp;XIV. ker\u00fclet:<\/strong>&nbsp;Als\u00f3r\u00e1kos, Herminamez\u0151, Istv\u00e1nmez\u0151, Kiszugl\u00f3, Nagyzugl\u00f3, R\u00e1kosfalva, T\u00f6r\u00f6k\u0151r, V\u00e1rosliget<\/h3>\n<h3 style=\"text-align: center;\">XV<strong>. ker\u00fclet:&nbsp;<\/strong>R\u00e1kospalota, Pest\u00fajhely, \u00dajpalota<\/h3>\n<h3 style=\"text-align: center;\"><strong>XVI. ker\u00fclet:<\/strong>&nbsp;\u00c1rp\u00e1df\u00f6ld, Cinkota, M\u00e1ty\u00e1sf\u00f6ld, R\u00e1kosszentmih\u00e1ly, Sashalom<\/h3>\n<h3 style=\"text-align: center;\"><strong>XVII. ker\u00fclet:<\/strong>&nbsp;Akad\u00e9mia\u00fajtelep, Mad\u00e1rdomb, R\u00e1koscsaba, R\u00e1koscsaba-\u00dajtelep, R\u00e1koshegy, R\u00e1koskereszt\u00far, R\u00e1koskert, R\u00e1kosliget, R\u00e9giakad\u00e9miatelep<\/h3>\n<h3 style=\"text-align: center;\"><strong>XVIII. ker\u00fclet: <\/strong>Alm\u00e1skert, B\u00e9latelep, Bels\u0151major, B\u00f3kaytelep, Erd\u0151skert, Erzs\u00e9bettelep, Ferihegy, Ganzkertv\u00e1ros, Ganztelep, Gloriett telep, Halmierd\u0151, Havanna-lak\u00f3telep, Kossuth Ferenc-telep, Krepuska G\u00e9za-telep, Lakatos-lak\u00f3telep, Lipt\u00e1ktelep, L\u00f3nyaytelep, Mikl\u00f3stelep, Pestszentimre, Rendessytelep, Szemeretelep, Szent Imre-kertv\u00e1ros, Szent L\u0151rinc-telep, \u00dajp\u00e9teritelep<\/h3>\n<h3 style=\"text-align: center;\">&nbsp;XIX<strong>. ker\u00fclet:&nbsp;<\/strong>Kispest, Wekerletelep<\/h3>\n<h3 style=\"text-align: center;\">&nbsp;<strong>XX. ker\u00fclet:<\/strong>&nbsp;Erzs\u00e9betfalva, Gubacs, Gubacsipuszta, Kossuthfalva, Pacsirtatelep, Szab\u00f3telep<\/h3>\n<h3 style=\"text-align: center;\"><strong>XXI. ker\u00fclet:<\/strong>&nbsp;Csepel-Belv\u00e1ros, Csepel-Csillagtelep, Csepel-Erd\u0151alja, Csepel-Erd\u0151sor, Csepel-Gy\u00e1rtelep, Csepel-H\u00e1ros, Csepel-Kertv\u00e1ros, Csepel-Kir\u00e1lyerd\u0151, Csepel-Kir\u00e1lymajor, Csepel-\u00d3falu, Csepel-R\u00f3zsadomb, Csepel-Szab\u00f3telep, Csepel-Szigetcs\u00facs<\/h3>\n<h3 style=\"text-align: center;\"><strong>XXII. ker\u00fclet: <\/strong>Baross G\u00e1bor-telep, Budafok, Budat\u00e9t\u00e9ny, Nagyt\u00e9t\u00e9ny<\/h3>\n<h3 style=\"text-align: center;\">&nbsp;<strong>XXIII. ker\u00fclet:&nbsp;<\/strong>Millenniumtelep, Soroks\u00e1r, Soroks\u00e1r-\u00dajtelep<\/h3>\n<h3 style=\"text-align: center;\"><strong>Pest megye<\/strong><\/h3>\n<h3 style=\"text-align: center;\">Albertirsa<\/h3>\n<h3 style=\"text-align: center;\">Biatorb\u00e1gy<\/h3>\n<h3 style=\"text-align: center;\">Budakal\u00e1sz<\/h3>\n<h3 style=\"text-align: center;\">Buda\u00f6rs<\/h3>\n<h3 style=\"text-align: center;\">Dunakeszi<\/h3>\n<h3 style=\"text-align: center;\">Dunaharaszti<\/h3>\n<h3 style=\"text-align: center;\">Ecser<\/h3>\n<h3 style=\"text-align: center;\">\u00c9rd<\/h3>\n<h3 style=\"text-align: center;\">F\u00f3t<\/h3>\n<h3 style=\"text-align: center;\">F\u00f3t Liget<\/h3>\n<h3 style=\"text-align: center;\">G\u00f6d\u00f6ll\u0151<\/h3>\n<h3 style=\"text-align: center;\">Gy\u00e1l<\/h3>\n<h3 style=\"text-align: center;\">Gy\u00f6mr\u0151<\/h3>\n<h3 style=\"text-align: center;\">Hal\u00e1sztelek<\/h3>\n<h3 style=\"text-align: center;\">Kerepes<\/h3>\n<h3 style=\"text-align: center;\">Kistarcsa<\/h3>\n<h3 style=\"text-align: center;\">Magl\u00f3d<\/h3>\n<h3 style=\"text-align: center;\">Mende<\/h3>\n<h3 style=\"text-align: center;\">Monor<\/h3>\n<h3 style=\"text-align: center;\">Nagytarcsa<\/h3>\n<h3 style=\"text-align: center;\">Piliscsaba<\/h3>\n<h3 style=\"text-align: center;\">P\u00e9teri<\/h3>\n<h3 style=\"text-align: center;\">\u00dcll\u0151<\/h3>\n<h3 style=\"text-align: center;\">Szentendre<\/h3>\n<h3 style=\"text-align: center;\">S\u00fclys\u00e1p<\/h3>\n<h3 style=\"text-align: center;\">T\u00f6r\u00f6kb\u00e1lint<\/h3>\n<h3 style=\"text-align: center;\">V\u00e1c<\/h3>\n<h3 style=\"text-align: center;\">Vecs\u00e9s<\/h3>\n<h3 style=\"text-align: center;\">Veresegyh\u00e1z<\/h3>\n<h3 style=\"text-align: center;\">Zs\u00e1mb\u00e9k<\/h3>\n\n\n<p class=\"has-text-align-center\"><\/p>\n","protected":false},"excerpt":{"rendered":"<p>K\u00f6sz\u00f6nt\u00f6m az oldalunkon! V\u00e1llalunk k\u0151m\u0171ves munk\u00e1kat Lak\u00e1sfel\u00faj\u00edt\u00e1sn\u00e1l \u00e9s&nbsp; csal\u00e1di h\u00e1z \u00e9p\u00edtkez\u00e9sn\u00e9l. Kivitelez\u00fcnk bont\u00e1si munk\u00e1kat legyen sz\u00f3 falak, k\u00e9m\u00e9nyek \u00e9s burkolatok elt\u00e1vol\u00edt\u00e1sa. K\u00e1dak, mosd\u00f3k cser\u00e9pk\u00e1lyh\u00e1k \u00e9s radi\u00e1torok leszerel\u00e9se cs\u0151 h\u00e1l\u00f3zattal egy\u00fctt is megoldhat\u00f3. Tov\u00e1bb\u00e1 ytong \u00e9s hagyom\u00e1nyosan k\u00e9sz\u00fcl\u0151 t\u00e9gl\u00e1kb\u00f3l falak \u00e9s egy\u00e9b \u00e9p\u00edtm\u00e9nyek&nbsp; felh\u00faz\u00e1sa. Vakol\u00e1si munk\u00e1kat k\u00edv\u00fcl, bel\u00fcl \u00e9s betonoz\u00e1si feladatokat is megnyugtatgat\u00f3 m\u00f3don oldjuk meg. &#8230; <span class=\"more\"><a class=\"more-link\" href=\"https:\/\/komuvesember.hu\/\">[Read more&#8230;]<\/a><\/span><\/p>\n","protected":false},"author":1,"featured_media":0,"parent":0,"menu_order":1,"comment_status":"closed","ping_status":"closed","template":"page-full-width.php","meta":{"footnotes":""},"class_list":["entry","page","publish","author-komuves-burkolofreemail-hu","post-12"],"yoast_head":"<!-- This site is optimized with the Yoast SEO plugin v27.3 - https:\/\/yoast.com\/product\/yoast-seo-wordpress\/ -->\n<title>K\u0151m\u0171ves munk\u00e1k bont\u00e1st\u00f3l a k\u00e9szig! Lak\u00e1sfel\u00faj\u00edt\u00e1s el\u0151tti bont\u00e1s.<\/title>\n<meta name=\"description\" content=\"V\u00e1llalok falaz\u00e1st, vakol\u00e1st, betonoz\u00e1st \u00e9s h\u00e1z tov\u00e1bb\u00e1 lak\u00e1sfel\u00faj\u00edt\u00e1st! Fel\u00faj\u00edt\u00e1s el\u0151tti teljes k\u00fcls\u0151 \u00e9s bels\u0151 bont\u00e1si munk\u00e1kat.\" \/>\n<meta name=\"robots\" content=\"noindex, follow, max-snippet:-1, max-image-preview:large, max-video-preview:-1\" \/>\n<meta property=\"og:locale\" content=\"hu_HU\" \/>\n<meta property=\"og:type\" content=\"article\" \/>\n<meta property=\"og:title\" content=\"K\u0151m\u0171ves munk\u00e1k bont\u00e1st\u00f3l a k\u00e9szig! Lak\u00e1sfel\u00faj\u00edt\u00e1s el\u0151tti bont\u00e1s.\" \/>\n<meta property=\"og:description\" content=\"V\u00e1llalok falaz\u00e1st, vakol\u00e1st, betonoz\u00e1st \u00e9s h\u00e1z tov\u00e1bb\u00e1 lak\u00e1sfel\u00faj\u00edt\u00e1st! Fel\u00faj\u00edt\u00e1s el\u0151tti teljes k\u00fcls\u0151 \u00e9s bels\u0151 bont\u00e1si munk\u00e1kat.\" \/>\n<meta property=\"og:url\" content=\"https:\/\/komuvesember.hu\/\" \/>\n<meta property=\"og:site_name\" content=\"Ez a k\u0151m\u0171vesember csak megb\u00edzhat\u00f3an dolgozik!\" \/>\n<meta property=\"article:modified_time\" content=\"2024-12-14T10:26:30+00:00\" \/>\n<meta property=\"og:image\" content=\"https:\/\/encrypted-tbn0.gstatic.com\/images?q=tbn:ANd9GcQjrIJjPh2g6W0GC-ND5Wrd5HEwHfDabkLjkw&amp;s\" \/>\n<meta name=\"twitter:card\" content=\"summary_large_image\" \/>\n<meta name=\"twitter:label1\" content=\"Becs\u00fclt olvas\u00e1si id\u0151\" \/>\n\t<meta name=\"twitter:data1\" content=\"3 perc\" \/>\n<script type=\"application\/ld+json\" class=\"yoast-schema-graph\">{\"@context\":\"https:\\\/\\\/schema.org\",\"@graph\":[{\"@type\":\"WebPage\",\"@id\":\"https:\\\/\\\/komuvesember.hu\\\/\",\"url\":\"https:\\\/\\\/komuvesember.hu\\\/\",\"name\":\"K\u0151m\u0171ves munk\u00e1k bont\u00e1st\u00f3l a k\u00e9szig! Lak\u00e1sfel\u00faj\u00edt\u00e1s el\u0151tti bont\u00e1s.\",\"isPartOf\":{\"@id\":\"https:\\\/\\\/komuvesember.hu\\\/#website\"},\"primaryImageOfPage\":{\"@id\":\"https:\\\/\\\/komuvesember.hu\\\/#primaryimage\"},\"image\":{\"@id\":\"https:\\\/\\\/komuvesember.hu\\\/#primaryimage\"},\"thumbnailUrl\":\"https:\\\/\\\/encrypted-tbn0.gstatic.com\\\/images?q=tbn:ANd9GcQjrIJjPh2g6W0GC-ND5Wrd5HEwHfDabkLjkw&amp;s\",\"datePublished\":\"2024-09-29T09:40:04+00:00\",\"dateModified\":\"2024-12-14T10:26:30+00:00\",\"description\":\"V\u00e1llalok falaz\u00e1st, vakol\u00e1st, betonoz\u00e1st \u00e9s h\u00e1z tov\u00e1bb\u00e1 lak\u00e1sfel\u00faj\u00edt\u00e1st! Fel\u00faj\u00edt\u00e1s el\u0151tti teljes k\u00fcls\u0151 \u00e9s bels\u0151 bont\u00e1si munk\u00e1kat.\",\"breadcrumb\":{\"@id\":\"https:\\\/\\\/komuvesember.hu\\\/#breadcrumb\"},\"inLanguage\":\"hu\",\"potentialAction\":[{\"@type\":\"ReadAction\",\"target\":[\"https:\\\/\\\/komuvesember.hu\\\/\"]}]},{\"@type\":\"ImageObject\",\"inLanguage\":\"hu\",\"@id\":\"https:\\\/\\\/komuvesember.hu\\\/#primaryimage\",\"url\":\"https:\\\/\\\/encrypted-tbn0.gstatic.com\\\/images?q=tbn:ANd9GcQjrIJjPh2g6W0GC-ND5Wrd5HEwHfDabkLjkw&amp;s\",\"contentUrl\":\"https:\\\/\\\/encrypted-tbn0.gstatic.com\\\/images?q=tbn:ANd9GcQjrIJjPh2g6W0GC-ND5Wrd5HEwHfDabkLjkw&amp;s\"},{\"@type\":\"BreadcrumbList\",\"@id\":\"https:\\\/\\\/komuvesember.hu\\\/#breadcrumb\",\"itemListElement\":[{\"@type\":\"ListItem\",\"position\":1,\"name\":\"Kezd\u0151lap\",\"item\":\"https:\\\/\\\/komuvesember.hu\\\/\"},{\"@type\":\"ListItem\",\"position\":2,\"name\":\"F\u0151oldal\"}]},{\"@type\":\"WebSite\",\"@id\":\"https:\\\/\\\/komuvesember.hu\\\/#website\",\"url\":\"https:\\\/\\\/komuvesember.hu\\\/\",\"name\":\"Ez a k\u0151m\u0171vesember csak megb\u00edzhat\u00f3an dolgozik!\",\"description\":\"V\u00e1llalok k\u0151m\u0171ves munk\u00e1latokat a-z ig. Falaz\u00e1s, vakol\u00e1s, betonoz\u00e1s \u00e9s lak\u00e1sfel\u00faj\u00edt\u00e1s!\",\"potentialAction\":[{\"@type\":\"SearchAction\",\"target\":{\"@type\":\"EntryPoint\",\"urlTemplate\":\"https:\\\/\\\/komuvesember.hu\\\/?s={search_term_string}\"},\"query-input\":{\"@type\":\"PropertyValueSpecification\",\"valueRequired\":true,\"valueName\":\"search_term_string\"}}],\"inLanguage\":\"hu\"}]}<\/script>\n<!-- \/ Yoast SEO plugin. -->","yoast_head_json":{"title":"K\u0151m\u0171ves munk\u00e1k bont\u00e1st\u00f3l a k\u00e9szig! Lak\u00e1sfel\u00faj\u00edt\u00e1s el\u0151tti bont\u00e1s.","description":"V\u00e1llalok falaz\u00e1st, vakol\u00e1st, betonoz\u00e1st \u00e9s h\u00e1z tov\u00e1bb\u00e1 lak\u00e1sfel\u00faj\u00edt\u00e1st! Fel\u00faj\u00edt\u00e1s el\u0151tti teljes k\u00fcls\u0151 \u00e9s bels\u0151 bont\u00e1si munk\u00e1kat.","robots":{"index":"noindex","follow":"follow","max-snippet":"max-snippet:-1","max-image-preview":"max-image-preview:large","max-video-preview":"max-video-preview:-1"},"og_locale":"hu_HU","og_type":"article","og_title":"K\u0151m\u0171ves munk\u00e1k bont\u00e1st\u00f3l a k\u00e9szig! Lak\u00e1sfel\u00faj\u00edt\u00e1s el\u0151tti bont\u00e1s.","og_description":"V\u00e1llalok falaz\u00e1st, vakol\u00e1st, betonoz\u00e1st \u00e9s h\u00e1z tov\u00e1bb\u00e1 lak\u00e1sfel\u00faj\u00edt\u00e1st! Fel\u00faj\u00edt\u00e1s el\u0151tti teljes k\u00fcls\u0151 \u00e9s bels\u0151 bont\u00e1si munk\u00e1kat.","og_url":"https:\/\/komuvesember.hu\/","og_site_name":"Ez a k\u0151m\u0171vesember csak megb\u00edzhat\u00f3an dolgozik!","article_modified_time":"2024-12-14T10:26:30+00:00","og_image":[{"url":"https:\/\/encrypted-tbn0.gstatic.com\/images?q=tbn:ANd9GcQjrIJjPh2g6W0GC-ND5Wrd5HEwHfDabkLjkw&amp;s","type":"","width":"","height":""}],"twitter_card":"summary_large_image","twitter_misc":{"Becs\u00fclt olvas\u00e1si id\u0151":"3 perc"},"schema":{"@context":"https:\/\/schema.org","@graph":[{"@type":"WebPage","@id":"https:\/\/komuvesember.hu\/","url":"https:\/\/komuvesember.hu\/","name":"K\u0151m\u0171ves munk\u00e1k bont\u00e1st\u00f3l a k\u00e9szig! Lak\u00e1sfel\u00faj\u00edt\u00e1s el\u0151tti bont\u00e1s.","isPartOf":{"@id":"https:\/\/komuvesember.hu\/#website"},"primaryImageOfPage":{"@id":"https:\/\/komuvesember.hu\/#primaryimage"},"image":{"@id":"https:\/\/komuvesember.hu\/#primaryimage"},"thumbnailUrl":"https:\/\/encrypted-tbn0.gstatic.com\/images?q=tbn:ANd9GcQjrIJjPh2g6W0GC-ND5Wrd5HEwHfDabkLjkw&amp;s","datePublished":"2024-09-29T09:40:04+00:00","dateModified":"2024-12-14T10:26:30+00:00","description":"V\u00e1llalok falaz\u00e1st, vakol\u00e1st, betonoz\u00e1st \u00e9s h\u00e1z tov\u00e1bb\u00e1 lak\u00e1sfel\u00faj\u00edt\u00e1st! Fel\u00faj\u00edt\u00e1s el\u0151tti teljes k\u00fcls\u0151 \u00e9s bels\u0151 bont\u00e1si munk\u00e1kat.","breadcrumb":{"@id":"https:\/\/komuvesember.hu\/#breadcrumb"},"inLanguage":"hu","potentialAction":[{"@type":"ReadAction","target":["https:\/\/komuvesember.hu\/"]}]},{"@type":"ImageObject","inLanguage":"hu","@id":"https:\/\/komuvesember.hu\/#primaryimage","url":"https:\/\/encrypted-tbn0.gstatic.com\/images?q=tbn:ANd9GcQjrIJjPh2g6W0GC-ND5Wrd5HEwHfDabkLjkw&amp;s","contentUrl":"https:\/\/encrypted-tbn0.gstatic.com\/images?q=tbn:ANd9GcQjrIJjPh2g6W0GC-ND5Wrd5HEwHfDabkLjkw&amp;s"},{"@type":"BreadcrumbList","@id":"https:\/\/komuvesember.hu\/#breadcrumb","itemListElement":[{"@type":"ListItem","position":1,"name":"Kezd\u0151lap","item":"https:\/\/komuvesember.hu\/"},{"@type":"ListItem","position":2,"name":"F\u0151oldal"}]},{"@type":"WebSite","@id":"https:\/\/komuvesember.hu\/#website","url":"https:\/\/komuvesember.hu\/","name":"Ez a k\u0151m\u0171vesember csak megb\u00edzhat\u00f3an dolgozik!","description":"V\u00e1llalok k\u0151m\u0171ves munk\u00e1latokat a-z ig. Falaz\u00e1s, vakol\u00e1s, betonoz\u00e1s \u00e9s lak\u00e1sfel\u00faj\u00edt\u00e1s!","potentialAction":[{"@type":"SearchAction","target":{"@type":"EntryPoint","urlTemplate":"https:\/\/komuvesember.hu\/?s={search_term_string}"},"query-input":{"@type":"PropertyValueSpecification","valueRequired":true,"valueName":"search_term_string"}}],"inLanguage":"hu"}]}},"_links":{"self":[{"href":"https:\/\/komuvesember.hu\/index.php\/wp-json\/wp\/v2\/pages\/12","targetHints":{"allow":["GET"]}}],"collection":[{"href":"https:\/\/komuvesember.hu\/index.php\/wp-json\/wp\/v2\/pages"}],"about":[{"href":"https:\/\/komuvesember.hu\/index.php\/wp-json\/wp\/v2\/types\/page"}],"author":[{"embeddable":true,"href":"https:\/\/komuvesember.hu\/index.php\/wp-json\/wp\/v2\/users\/1"}],"replies":[{"embeddable":true,"href":"https:\/\/komuvesember.hu\/index.php\/wp-json\/wp\/v2\/comments?post=12"}],"version-history":[{"count":10,"href":"https:\/\/komuvesember.hu\/index.php\/wp-json\/wp\/v2\/pages\/12\/revisions"}],"predecessor-version":[{"id":47,"href":"https:\/\/komuvesember.hu\/index.php\/wp-json\/wp\/v2\/pages\/12\/revisions\/47"}],"wp:attachment":[{"href":"https:\/\/komuvesember.hu\/index.php\/wp-json\/wp\/v2\/media?parent=12"}],"curies":[{"name":"wp","href":"https:\/\/api.w.org\/{rel}","templated":true}]}}